{"id":92,"date":"2016-10-24T10:59:11","date_gmt":"2016-10-24T09:59:11","guid":{"rendered":"http:\/\/www.apartmentsbledrazingar.com\/?page_id=92"},"modified":"2017-10-24T13:19:42","modified_gmt":"2017-10-24T12:19:42","slug":"lokacija-kontakt","status":"publish","type":"page","link":"https:\/\/www.pletna.com\/sl\/lokacija-kontakt\/","title":{"rendered":"LOKACIJA &#038; KONTAKT"},"content":{"rendered":"<p>[et_pb_section fb_built=&#8221;1&#8243; fullwidth=&#8221;on&#8221; admin_label=&#8221;Section&#8221; module_class=&#8221;valencia&#8221; custom_padding_last_edited=&#8221;on|desktop&#8221; _builder_version=&#8221;3.0.47&#8243; parallax=&#8221;on&#8221; custom_padding_tablet=&#8221;50px|0|50px|0&#8243; transparent_background=&#8221;off&#8221; padding_mobile=&#8221;off&#8221;][et_pb_fullwidth_header title=&#8221;LOKACIJA &#038; KONTAKT&#8221; background_layout=&#8221;dark&#8221; text_orientation=&#8221;right&#8221; header_fullscreen=&#8221;on&#8221; header_scroll_down=&#8221;on&#8221; scroll_down_icon=&#8221;?&#8221; scroll_down_icon_color=&#8221;#f5f5dc&#8221; title_font_color=&#8221;#f5f5dc&#8221; subhead_font_color=&#8221;#f5f5dc&#8221; content_font_color=&#8221;#f5f5dc&#8221; button_one_text=&#8221;REZERVIRAJTE ZDAJ&#8221; button_one_url=&#8221;http:\/\/www.pletna.com\/povprasevanje\/&#8221; background_overlay_color=&#8221;rgba(0,0,0,0.3)&#8221; admin_label=&#8221;Fullwidth Header&#8221; _builder_version=&#8221;3.0.47&#8243; title_font=&#8221;Lora|on|||&#8221; title_font_size=&#8221;52px&#8221; title_font_size_tablet=&#8221;37px&#8221; title_font_size_phone=&#8221;22px&#8221; title_font_size_last_edited=&#8221;on|desktop&#8221; subhead_font_size=&#8221;20px&#8221; subhead_font_size_tablet=&#8221;19px&#8221; subhead_font_size_phone=&#8221;17px&#8221; subhead_font_size_last_edited=&#8221;on|phone&#8221; background_image=&#8221;https:\/\/www.pletna.com\/wp-content\/uploads\/2017\/01\/penzion-pletna-bled-2000-1000.jpg&#8221; custom_button_one=&#8221;on&#8221; button_one_text_size=&#8221;20px&#8221; button_one_text_color=&#8221;#f5f5dc&#8221; button_one_border_width=&#8221;2px&#8221; button_one_border_color=&#8221;#f5f5dc&#8221; button_one_border_radius=&#8221;7px&#8221; button_one_font=&#8221;Lora||||&#8221; button_one_use_icon=&#8221;default&#8221; button_one_icon=&#8221;\ue023&#8221; button_one_icon_color=&#8221;#f5f5dc&#8221; button_one_border_radius_hover=&#8221;7px&#8221; background_url=&#8221;https:\/\/www.pletna.com\/wp-content\/uploads\/2017\/01\/penzion-pletna-bled-2000-1000.jpg&#8221; _i=&#8221;0&#8243; _address=&#8221;0.0&#8243;]<\/p>\n<p>[\/et_pb_fullwidth_header][\/et_pb_section][et_pb_section fb_built=&#8221;1&#8243; background_color=&#8221;#f5f5dc&#8221; admin_label=&#8221;Section #4&#8243; _builder_version=&#8221;3.0.47&#8243; custom_padding=&#8221;0px|||&#8221; custom_padding_tablet=&#8221;0px|||&#8221; transparent_background=&#8221;off&#8221; padding_mobile=&#8221;on&#8221;][et_pb_row padding_mobile=&#8221;off&#8221; column_padding_mobile=&#8221;on&#8221; admin_label=&#8221;Row&#8221; _builder_version=&#8221;3.0.47&#8243; background_size=&#8221;initial&#8221; background_position=&#8221;top_left&#8221; background_repeat=&#8221;repeat&#8221; _i=&#8221;0&#8243; _address=&#8221;1.0&#8243;][et_pb_column type=&#8221;4_4&#8243; _builder_version=&#8221;3.0.47&#8243; column_padding_mobile=&#8221;on&#8221; parallax=&#8221;off&#8221; parallax_method=&#8221;on&#8221;][et_pb_text admin_label=&#8221;Text&#8221; _builder_version=&#8221;3.0.47&#8243; header_font=&#8221;||||&#8221; header_text_color=&#8221;#04583e&#8221; background_size=&#8221;initial&#8221; background_position=&#8221;top_left&#8221; background_repeat=&#8221;repeat&#8221; text_orientation=&#8221;justified&#8221; _i=&#8221;0&#8243; _address=&#8221;1.0.0.0&#8243;]<\/p>\n<h1 style=\"text-align: center;\">KJE SMO<\/h1>\n<p>Penzion Pletna se nahaja ob jezeru ter ob regionalni cesti v Bohinj, zato smo lahko dostopni tako z avtom, avtobusom, vlakom, kakor tudi pe\u0161 iz centra kraja.<\/p>\n<p>-Z avtom: Ko se pripeljete na Bled, ostanite na isti cesti ter ji sledite do jezera ter naprej\u00a0vzdol\u017e jezeru. Po vo\u017enji mimo hotela Toplice, skozi predor ter po ostrem levem ovinku nas boste na\u0161li na levi strani ceste. Hi\u0161a je ne\u017eno rumena, z belimi balkoni ter zadostnim \u0161tevilom parkirnih mest.<\/p>\n<p>-Z avtobusom iz Ljubljane: Izberite avtobus v smeri BOHINJA ter kupite vozovnico do avtobusnega postajali\u0161\u010da MLINO. Mlino je objezerska vasica, kjer se nahaja na\u0161 penzion. Po izstopu nas boste na\u0161li na obali jezera, cca. 100m hoje v nasprotni smeri urinega kazalca.<\/p>\n<p>-Z vlakom do \u017eelezni\u0161ke postaje LESCE-BLED: Na \u017eelezni\u0161ki postaji, ki je isto\u010dasno avtobusna izberite avtobus v smeri BOHINJA (glej\u00a0zgoraj).<\/p>\n<p>-Z vlakom do \u017eelezni\u0161ke postaje BLED-JEZERO: Za goste, ki se pripeljejo do te postaje, na \u017eeljo nudimo brezpla\u010den prevoz do penziona, ker javni prevoz od tam ni zagotovljen.<\/p>\n<p>-Pe\u0161 do centra vodi lahkotna 15-minutna pot ob jezeru.<\/p>\n<p>\u010ce se neradi pogosto selite iz hotela v hotel, potem je garni penzion Pletna lahko tudi idealno izhodi\u0161\u010de za ogled bli\u017enje in daljne okolice, kjer so naravne in kulturne zanimivosti na gosto posejane.<\/p>\n<p>[\/et_pb_text][\/et_pb_column][\/et_pb_row][et_pb_row custom_padding=&#8221;76px||0px|&#8221; custom_padding_phone=&#8221;36px||46px|&#8221; padding_mobile=&#8221;on&#8221; column_padding_mobile=&#8221;on&#8221; parallax_method_1=&#8221;off&#8221; parallax_method_2=&#8221;off&#8221; parallax_method_3=&#8221;off&#8221; parallax_method_4=&#8221;off&#8221; admin_label=&#8221;Row&#8221; _builder_version=&#8221;3.0.47&#8243; background_size=&#8221;initial&#8221; background_position=&#8221;top_left&#8221; background_repeat=&#8221;repeat&#8221; _i=&#8221;1&#8243; _address=&#8221;1.1&#8243;][et_pb_column type=&#8221;1_2&#8243; _builder_version=&#8221;3.0.47&#8243; column_padding_mobile=&#8221;on&#8221; parallax=&#8221;off&#8221; parallax_method=&#8221;off&#8221;][et_pb_divider color=&#8221;#04583e&#8221; show_divider=&#8221;on&#8221; divider_weight=&#8221;4&#8243; height=&#8221;6&#8243; admin_label=&#8221;Divider&#8221; _builder_version=&#8221;3.0.47&#8243; hide_on_mobile=&#8221;off&#8221;]<\/p>\n<p>[\/et_pb_divider][et_pb_text admin_label=&#8221;LOKACIJA&#8221; _builder_version=&#8221;3.0.47&#8243; text_font=&#8221;|on||on|&#8221; text_font_size=&#8221;40px&#8221; text_font_size_phone=&#8221;30&#8243; text_font_size_last_edited=&#8221;on|desktop&#8221; text_text_color=&#8221;#04583e&#8221; text_line_height=&#8221;1.5em&#8221; header_font=&#8221;|on|on||&#8221; background_size=&#8221;initial&#8221; background_position=&#8221;top_left&#8221; background_repeat=&#8221;repeat&#8221; text_orientation=&#8221;center&#8221; module_alignment=&#8221;center&#8221; custom_margin=&#8221;32px||0px|&#8221; custom_css_main_element=&#8221;font-weight:300;&#8221; _i=&#8221;1&#8243; _address=&#8221;1.1.0.1&#8243;]<\/p>\n<p>Lokacija<\/p>\n<p>[\/et_pb_text][et_pb_blurb title=&#8221;ZEMLJEVID&#8221; use_icon=&#8221;on&#8221; font_icon=&#8221;%%124%%&#8221; disabled_on=&#8221;on|on|&#8221; admin_label=&#8221;Blurb &#8211; ZEMLJEVID&#8221; _builder_version=&#8221;3.0.47&#8243; header_font_size=&#8221;22&#8243; background_size=&#8221;initial&#8221; background_position=&#8221;top_left&#8221; background_repeat=&#8221;repeat&#8221; text_orientation=&#8221;center&#8221; _i=&#8221;2&#8243; _address=&#8221;1.1.0.2&#8243;]<\/p>\n<p><iframe loading=\"lazy\" style=\"border: 0;\" src=\"https:\/\/www.google.com\/maps\/embed?pb=!1m19!1m8!1m3!1d22027.53758727287!2d14.090928!3d46.360614000000005!3m2!1i1024!2i768!4f13.1!4m8!3e0!4m0!4m5!1s0x477a9135bb0f0745%3A0xd5069230b804488e!2sB%26B+Accommodations+Pletna%2C+Cesta+svobode+37%2C+4260+Bled%2C+Slovenija!3m2!1d46.3605172!2d14.0996858!5e0!3m2!1ssl!2ssi!4v1485160628491\" width=\"100%\" height=\"464\" frameborder=\"0\" allowfullscreen=\"allowfullscreen\"><\/iframe><\/p>\n<p>[\/et_pb_blurb][et_pb_blurb title=&#8221;ZEMLJEVID&#8221; use_icon=&#8221;on&#8221; font_icon=&#8221;%%124%%&#8221; disabled_on=&#8221;|off|on&#8221; admin_label=&#8221;Blurb &#8211; ZEMLJEVID mobIle&#8221; _builder_version=&#8221;3.0.47&#8243; header_font_size=&#8221;22&#8243; background_size=&#8221;initial&#8221; background_position=&#8221;top_left&#8221; background_repeat=&#8221;repeat&#8221; text_orientation=&#8221;center&#8221; _i=&#8221;3&#8243; _address=&#8221;1.1.0.3&#8243;]<\/p>\n<p><iframe loading=\"lazy\" style=\"border: 0;\" src=\"https:\/\/www.google.com\/maps\/embed?pb=!1m19!1m8!1m3!1d22027.53758727287!2d14.090928!3d46.360614000000005!3m2!1i1024!2i768!4f13.1!4m8!3e0!4m0!4m5!1s0x477a9135bb0f0745%3A0xd5069230b804488e!2sB%26B+Accommodations+Pletna%2C+Cesta+svobode+37%2C+4260+Bled%2C+Slovenija!3m2!1d46.3605172!2d14.0996858!5e0!3m2!1ssl!2ssi!4v1485160628491\" width=\"100%\" height=\"300\" frameborder=\"0\" allowfullscreen=\"allowfullscreen\"><\/iframe><\/p>\n<p>[\/et_pb_blurb][\/et_pb_column][et_pb_column type=&#8221;1_2&#8243; _builder_version=&#8221;3.0.47&#8243; column_padding_mobile=&#8221;on&#8221; parallax=&#8221;off&#8221; parallax_method=&#8221;off&#8221;][et_pb_divider color=&#8221;#04583e&#8221; show_divider=&#8221;on&#8221; divider_weight=&#8221;4&#8243; height=&#8221;6&#8243; admin_label=&#8221;Divider&#8221; _builder_version=&#8221;3.0.47&#8243; hide_on_mobile=&#8221;off&#8221;]<\/p>\n<p>[\/et_pb_divider][et_pb_text admin_label=&#8221;KONTAKT&#8221; _builder_version=&#8221;3.0.47&#8243; text_font=&#8221;Lora|on|on||&#8221; text_font_size=&#8221;40&#8243; text_font_size_phone=&#8221;30&#8243; text_font_size_last_edited=&#8221;on|desktop&#8221; text_text_color=&#8221;#04583e&#8221; text_line_height=&#8221;1.5em&#8221; header_font=&#8221;|on|on||&#8221; background_size=&#8221;initial&#8221; background_position=&#8221;top_left&#8221; background_repeat=&#8221;repeat&#8221; text_orientation=&#8221;center&#8221; module_alignment=&#8221;center&#8221; custom_margin=&#8221;32px||0px|&#8221; custom_css_main_element=&#8221;font-weight:300;&#8221; _i=&#8221;1&#8243; _address=&#8221;1.1.1.1&#8243;]<\/p>\n<p>KONTAKT<\/p>\n<p>[\/et_pb_text][et_pb_blurb title=&#8221;NASLOV&#8221; use_icon=&#8221;on&#8221; font_icon=&#8221;%%122%%&#8221; admin_label=&#8221;Blurb &#8211; NASLOV&#8221; _builder_version=&#8221;3.0.83&#8243; header_font_size=&#8221;22&#8243; background_size=&#8221;initial&#8221; background_position=&#8221;top_left&#8221; background_repeat=&#8221;repeat&#8221; text_orientation=&#8221;center&#8221; _i=&#8221;2&#8243; _address=&#8221;1.1.1.2&#8243;]<\/p>\n<h4>GARNI PENZION PLETNA***<\/h4>\n<p>Cesta svobode 37<br \/>\nSI-4260 Bled, Slovenia<br \/>\n<strong>Telefon:<\/strong> +386 (0)41 393 899<br \/>\n<strong>E-mail:<\/strong> <a href=\"mailto: info@pletna.com\" target=\"_blank\">info@pletna.com<\/a><\/p>\n<p>[\/et_pb_blurb][et_pb_image src=&#8221;https:\/\/www.pletna.com\/wp-content\/uploads\/2016\/11\/sobe-pletna.jpg&#8221; admin_label=&#8221;Image&#8221; _builder_version=&#8221;3.0.47&#8243; animation_style=&#8221;slide&#8221; animation_direction=&#8221;left&#8221; animation_duration=&#8221;500ms&#8221; animation_intensity_slide=&#8221;10%&#8221; sticky=&#8221;off&#8221; _i=&#8221;3&#8243; _address=&#8221;1.1.1.3&#8243;]<\/p>\n<p>[\/et_pb_image][\/et_pb_column][\/et_pb_row][et_pb_row padding_mobile=&#8221;off&#8221; column_padding_mobile=&#8221;on&#8221; admin_label=&#8221;Row&#8221; _builder_version=&#8221;3.0.47&#8243; background_size=&#8221;initial&#8221; background_position=&#8221;top_left&#8221; background_repeat=&#8221;repeat&#8221; _i=&#8221;2&#8243; _address=&#8221;1.2&#8243;][et_pb_column type=&#8221;4_4&#8243; _builder_version=&#8221;3.0.47&#8243; column_padding_mobile=&#8221;on&#8221; parallax=&#8221;off&#8221; parallax_method=&#8221;on&#8221;][et_pb_text admin_label=&#8221;Text&#8221; _builder_version=&#8221;3.0.47&#8243; background_size=&#8221;initial&#8221; background_position=&#8221;top_left&#8221; background_repeat=&#8221;repeat&#8221; text_orientation=&#8221;center&#8221; module_alignment=&#8221;center&#8221; _i=&#8221;0&#8243; _address=&#8221;1.2.0.0&#8243;]<\/p>\n<p><strong>Govorimo:<\/strong> angle\u0161ko, nem\u0161ko, italijansko, hrva\u0161ko, srbsko. Prosimo, da nas pokli\u010dete, oz. \u0161e bolje, da nam po\u0161ljete e-mail. Odgovorili vam bomo najkasneje v 24 urah. In ne pozabite: <strong>BLED JE \u010cUDOVIT SKOZI VSE LETO!!!<\/strong><\/p>\n<p>[\/et_pb_text][\/et_pb_column][\/et_pb_row][et_pb_row padding_mobile=&#8221;off&#8221; column_padding_mobile=&#8221;on&#8221; admin_label=&#8221;Row&#8221; _builder_version=&#8221;3.0.47&#8243; background_size=&#8221;initial&#8221; background_position=&#8221;top_left&#8221; background_repeat=&#8221;repeat&#8221; _i=&#8221;3&#8243; _address=&#8221;1.3&#8243;][et_pb_column type=&#8221;1_4&#8243; _builder_version=&#8221;3.0.47&#8243; column_padding_mobile=&#8221;on&#8221; parallax=&#8221;off&#8221; parallax_method=&#8221;on&#8221;][\/et_pb_column][et_pb_column type=&#8221;1_2&#8243; _builder_version=&#8221;3.0.47&#8243; column_padding_mobile=&#8221;on&#8221; parallax=&#8221;off&#8221; parallax_method=&#8221;on&#8221;][et_pb_button button_url=&#8221;http:\/\/www.pletna.com\/povprasevanje\/&#8221; button_text=&#8221;REZERVIRAJTE ZDAJ&#8221; button_alignment=&#8221;center&#8221; admin_label=&#8221;Button&#8221; _builder_version=&#8221;3.0.47&#8243; custom_button=&#8221;on&#8221; button_text_color=&#8221;#04583e&#8221; button_bg_color=&#8221;#ffffff&#8221; button_border_color=&#8221;#04583e&#8221; button_border_radius=&#8221;7px&#8221; button_use_icon=&#8221;default&#8221; button_icon=&#8221;%%128%%&#8221; button_border_radius_hover=&#8221;7px&#8221;]<\/p>\n<p>[\/et_pb_button][\/et_pb_column][et_pb_column type=&#8221;1_4&#8243; _builder_version=&#8221;3.0.47&#8243; column_padding_mobile=&#8221;on&#8221; parallax=&#8221;off&#8221; parallax_method=&#8221;on&#8221;][\/et_pb_column][\/et_pb_row][\/et_pb_section]<\/p>\n","protected":false},"excerpt":{"rendered":"<p>KJE SMO Penzion Pletna se nahaja ob jezeru ter ob regionalni cesti v Bohinj, zato smo lahko dostopni tako z avtom, avtobusom, vlakom, kakor tudi pe\u0161 iz centra kraja. -Z avtom: Ko se pripeljete na Bled, ostanite na isti cesti ter ji sledite do jezera ter naprej\u00a0vzdol\u017e jezeru. Po vo\u017enji mimo hotela Toplice, skozi predor [&hellip;]<\/p>\n","protected":false},"author":1,"featured_media":0,"parent":0,"menu_order":0,"comment_status":"closed","ping_status":"closed","template":"","meta":{"_et_pb_use_builder":"on","_et_pb_old_content":"","_et_gb_content_width":"","footnotes":""},"class_list":["post-92","page","type-page","status-publish","hentry"],"aioseo_notices":[],"_links":{"self":[{"href":"https:\/\/www.pletna.com\/sl\/wp-json\/wp\/v2\/pages\/92"}],"collection":[{"href":"https:\/\/www.pletna.com\/sl\/wp-json\/wp\/v2\/pages"}],"about":[{"href":"https:\/\/www.pletna.com\/sl\/wp-json\/wp\/v2\/types\/page"}],"author":[{"embeddable":true,"href":"https:\/\/www.pletna.com\/sl\/wp-json\/wp\/v2\/users\/1"}],"replies":[{"embeddable":true,"href":"https:\/\/www.pletna.com\/sl\/wp-json\/wp\/v2\/comments?post=92"}],"version-history":[{"count":0,"href":"https:\/\/www.pletna.com\/sl\/wp-json\/wp\/v2\/pages\/92\/revisions"}],"wp:attachment":[{"href":"https:\/\/www.pletna.com\/sl\/wp-json\/wp\/v2\/media?parent=92"}],"curies":[{"name":"wp","href":"https:\/\/api.w.org\/{rel}","templated":true}]}}