{"id":5609,"date":"2016-11-07T10:53:43","date_gmt":"2016-11-07T09:53:43","guid":{"rendered":"http:\/\/www.apartmentsbledrazingar.com\/?page_id=5609"},"modified":"2025-07-13T16:34:11","modified_gmt":"2025-07-13T15:34:11","slug":"cenik","status":"publish","type":"page","link":"https:\/\/www.pletna.com\/sl\/cenik\/","title":{"rendered":"CENIK"},"content":{"rendered":"<p>[et_pb_section fb_built=&#8221;1&#8243; fullwidth=&#8221;on&#8221; custom_padding_last_edited=&#8221;on|desktop&#8221; admin_label=&#8221;Section&#8221; module_class=&#8221;valencia&#8221; _builder_version=&#8221;4.16&#8243; parallax=&#8221;on&#8221; custom_padding_tablet=&#8221;50px|0|50px|0&#8243; custom_padding_phone=&#8221;&#8221; transparent_background=&#8221;off&#8221; padding_mobile=&#8221;off&#8221; global_colors_info=&#8221;{}&#8221;][et_pb_fullwidth_header title=&#8221;CENIK&#8221; subhead=&#8221;Cene so v EUR, veljajo za eno-, dvo- in troposteljno sobo  (zajtrk in turisti\u010dna taksa nista vklju\u010dena)&#8221; text_orientation=&#8221;right&#8221; header_fullscreen=&#8221;on&#8221; header_scroll_down=&#8221;on&#8221; scroll_down_icon=&#8221;?&#8221; scroll_down_icon_color=&#8221;#f5f5dc&#8221; button_one_text=&#8221;REZERVIRAJTE ZDAJ&#8221; button_one_url=&#8221;http:\/\/www.pletna.com\/povprasevanje\/&#8221; background_overlay_color=&#8221;rgba(0,0,0,0.3)&#8221; title_font_color=&#8221;#f5f5dc&#8221; subhead_font_color=&#8221;#f5f5dc&#8221; content_font_color=&#8221;#f5f5dc&#8221; admin_label=&#8221;Fullwidth Header&#8221; _builder_version=&#8221;4.16&#8243; title_font=&#8221;Lora|on|||&#8221; title_text_color=&#8221;#f5f5dc&#8221; title_font_size=&#8221;52px&#8221; content_text_color=&#8221;#f5f5dc&#8221; subhead_text_color=&#8221;#f5f5dc&#8221; subhead_font_size=&#8221;20px&#8221; background_color=&#8221;rgba(255, 255, 255, 0)&#8221; background_image=&#8221;https:\/\/www.pletna.com\/wp-content\/uploads\/2017\/01\/penzion-pletna-bled-2000-1000.jpg&#8221; custom_button_one=&#8221;on&#8221; button_one_text_size=&#8221;20px&#8221; button_one_text_color=&#8221;#f5f5dc&#8221; button_one_border_width=&#8221;2px&#8221; button_one_border_color=&#8221;#f5f5dc&#8221; button_one_border_radius=&#8221;7px&#8221; button_one_font=&#8221;Lora||||&#8221; button_one_icon=&#8221;&#xe023;||divi||400&#8243; button_one_icon_color=&#8221;#f5f5dc&#8221; title_font_size_tablet=&#8221;37px&#8221; title_font_size_phone=&#8221;22px&#8221; title_font_size_last_edited=&#8221;on|desktop&#8221; subhead_font_size_tablet=&#8221;19px&#8221; subhead_font_size_phone=&#8221;17px&#8221; subhead_font_size_last_edited=&#8221;on|phone&#8221; button_one_border_radius_hover=&#8221;7px&#8221; background_url=&#8221;https:\/\/www.pletna.com\/wp-content\/uploads\/2017\/01\/penzion-pletna-bled-2000-1000.jpg&#8221; global_colors_info=&#8221;{}&#8221; button_one_text_size__hover_enabled=&#8221;off&#8221; button_two_text_size__hover_enabled=&#8221;off&#8221; button_one_text_color__hover_enabled=&#8221;off&#8221; button_two_text_color__hover_enabled=&#8221;off&#8221; button_one_border_width__hover_enabled=&#8221;off&#8221; button_two_border_width__hover_enabled=&#8221;off&#8221; button_one_border_color__hover_enabled=&#8221;off&#8221; button_two_border_color__hover_enabled=&#8221;off&#8221; button_one_border_radius__hover_enabled=&#8221;on&#8221; button_one_border_radius__hover=&#8221;7px&#8221; button_two_border_radius__hover_enabled=&#8221;off&#8221; button_one_letter_spacing__hover_enabled=&#8221;off&#8221; button_two_letter_spacing__hover_enabled=&#8221;off&#8221; button_one_bg_color__hover_enabled=&#8221;off&#8221; button_two_bg_color__hover_enabled=&#8221;off&#8221;][\/et_pb_fullwidth_header][\/et_pb_section][et_pb_section fb_built=&#8221;1&#8243; custom_padding_last_edited=&#8221;on|desktop&#8221; admin_label=&#8221;section&#8221; _builder_version=&#8221;4.16&#8243; background_color=&#8221;#f5f5dc&#8221; custom_padding_tablet=&#8221;50px|0|50px|0&#8243; custom_padding_phone=&#8221;&#8221; transparent_background=&#8221;off&#8221; padding_mobile=&#8221;off&#8221; global_colors_info=&#8221;{}&#8221;][et_pb_row column_structure=&#8221;1_2,1_2&#8243; column_padding_mobile=&#8221;on&#8221; admin_label=&#8221;Row&#8221; _builder_version=&#8221;4.16&#8243; background_size=&#8221;initial&#8221; background_position=&#8221;top_left&#8221; background_repeat=&#8221;repeat&#8221; custom_padding=&#8221;19.30999755859375px|0px|27px|0px&#8221; global_colors_info=&#8221;{}&#8221;][et_pb_column type=&#8221;1_2&#8243; _builder_version=&#8221;4.16&#8243; custom_padding=&#8221;|||&#8221; global_colors_info=&#8221;{}&#8221; custom_padding__hover=&#8221;|||&#8221;][et_pb_image src=&#8221;https:\/\/www.pletna.com\/wp-content\/uploads\/2016\/11\/pletna-logo-nov-243-200.png&#8221; align=&#8221;center&#8221; align_tablet=&#8221;center&#8221; align_phone=&#8221;&#8221; align_last_edited=&#8221;on|desktop&#8221; admin_label=&#8221;Image&#8221; _builder_version=&#8221;4.16&#8243; animation_style=&#8221;slide&#8221; animation_direction=&#8221;left&#8221; animation_duration=&#8221;500ms&#8221; animation_intensity_slide=&#8221;10%&#8221; sticky=&#8221;off&#8221; global_colors_info=&#8221;{}&#8221;][\/et_pb_image][et_pb_image src=&#8221;https:\/\/www.pletna.com\/wp-content\/uploads\/2016\/11\/sobe-pletna.jpg&#8221; align=&#8221;center&#8221; align_tablet=&#8221;center&#8221; align_phone=&#8221;&#8221; align_last_edited=&#8221;on|desktop&#8221; admin_label=&#8221;Image&#8221; _builder_version=&#8221;4.16&#8243; animation_style=&#8221;slide&#8221; animation_direction=&#8221;left&#8221; animation_duration=&#8221;500ms&#8221; animation_intensity_slide=&#8221;10%&#8221; sticky=&#8221;off&#8221; global_colors_info=&#8221;{}&#8221;][\/et_pb_image][\/et_pb_column][et_pb_column type=&#8221;1_2&#8243; _builder_version=&#8221;4.16&#8243; custom_padding=&#8221;|||&#8221; global_colors_info=&#8221;{}&#8221; custom_padding__hover=&#8221;|||&#8221;][et_pb_blurb title=&#8221;CENIK&#8221; admin_label=&#8221;Blurb &#8211; CENIK&#8221; module_class=&#8221;krog50&#8243; _builder_version=&#8221;4.16&#8243; header_font=&#8221;|on|||&#8221; header_text_color=&#8221;#04583e&#8221; header_font_size=&#8221;36px&#8221; background_size=&#8221;initial&#8221; background_position=&#8221;top_left&#8221; background_repeat=&#8221;repeat&#8221; text_orientation=&#8221;justified&#8221; header_font_size_tablet=&#8221;22px&#8221; global_colors_info=&#8221;{}&#8221;][\/et_pb_blurb][et_pb_blurb admin_label=&#8221;Blurb &#8211; CENIK opis&#8221; module_class=&#8221;krog50&#8243; _builder_version=&#8221;4.23.1&#8243; header_font=&#8221;|on|||&#8221; header_font_size=&#8221;36px&#8221; background_size=&#8221;initial&#8221; background_position=&#8221;top_left&#8221; background_repeat=&#8221;repeat&#8221; text_orientation=&#8221;justified&#8221; header_font_size_tablet=&#8221;22px&#8221; global_colors_info=&#8221;{}&#8221;]<\/p>\n<p><strong>\u00a0: VISOKA SEZONA:<\/strong><br \/>\u00b7 Dvoposteljna soba: 115\u20ac \u2013 135\u20ac<br \/>\u00b7 Enoposteljna soba: 95\u20ac \u2013 100\u20ac<br \/>\u00b7 Troposteljna soba: 135\u20ac \u2013 145\u20ac<\/p>\n<p>&nbsp;<\/p>\n<p><strong>NIZKA\u00a0SEZONA:<\/strong><br \/>\u00b7 Dvoposteljna soba: 95\u20ac- 100\u20ac<br \/>\u00b7 Enoposteljna soba: 85\u20ac \u2013 90\u20ac<br \/>\u00b7 Troposteljna soba: 120\u20ac \u2013 125\u20ac<\/p>\n<p>&nbsp;<\/p>\n<p><strong>Cena NE vklju\u010duje:<\/strong> zajtrka, turisti\u010dne takse (3,13\u20ac na osebo na no\u010d, otroci 7-18 let: 1,57\u20ac)<br \/><strong>Cena vklju\u010duje:<\/strong> wi-fi, klimo, parkiri\u0161\u010de, dodatna ura izposoje \u010dolna (za\u010detna ura po ceniku)<br \/><strong>Mo\u017enosti zajtrka:<\/strong> zajtrk serviran v sobo: 15\u20ac na osebo<br \/><strong>Bifejski zajtrk:<\/strong> mo\u017een v sosednji Restavraciji \u010carman: 15\u20ac na osebo<\/p>\n<p><strong>Bled Breakfast Basket<\/strong>: naro\u010dilo po spletu\u00a0<\/p>\n<p>&nbsp;<\/p>\n<p>[\/et_pb_blurb][\/et_pb_column][\/et_pb_row][et_pb_row column_structure=&#8221;1_4,1_2,1_4&#8243; padding_mobile=&#8221;off&#8221; column_padding_mobile=&#8221;on&#8221; admin_label=&#8221;Row&#8221; _builder_version=&#8221;4.16&#8243; background_size=&#8221;initial&#8221; background_position=&#8221;top_left&#8221; background_repeat=&#8221;repeat&#8221; global_colors_info=&#8221;{}&#8221;][et_pb_column type=&#8221;1_4&#8243; _builder_version=&#8221;4.16&#8243; custom_padding=&#8221;|||&#8221; global_colors_info=&#8221;{}&#8221; custom_padding__hover=&#8221;|||&#8221;][\/et_pb_column][et_pb_column type=&#8221;1_2&#8243; _builder_version=&#8221;4.16&#8243; custom_padding=&#8221;|||&#8221; global_colors_info=&#8221;{}&#8221; custom_padding__hover=&#8221;|||&#8221;][et_pb_button button_url=&#8221;http:\/\/www.pletna.com\/povprasevanje\/&#8221; button_text=&#8221;REZERVIRAJTE ZDAJ&#8221; button_alignment=&#8221;center&#8221; admin_label=&#8221;Button&#8221; _builder_version=&#8221;4.16&#8243; custom_button=&#8221;on&#8221; button_text_color=&#8221;#04583e&#8221; button_bg_color=&#8221;#ffffff&#8221; button_border_color=&#8221;#04583e&#8221; button_border_radius=&#8221;7px&#8221; button_icon=&#8221;&#xe023;||divi||400&#8243; button_border_radius_hover=&#8221;7px&#8221; global_colors_info=&#8221;{}&#8221; button_text_size__hover_enabled=&#8221;off&#8221; button_one_text_size__hover_enabled=&#8221;off&#8221; button_two_text_size__hover_enabled=&#8221;off&#8221; button_text_color__hover_enabled=&#8221;off&#8221; button_one_text_color__hover_enabled=&#8221;off&#8221; button_two_text_color__hover_enabled=&#8221;off&#8221; button_border_width__hover_enabled=&#8221;off&#8221; button_one_border_width__hover_enabled=&#8221;off&#8221; button_two_border_width__hover_enabled=&#8221;off&#8221; button_border_color__hover_enabled=&#8221;off&#8221; button_one_border_color__hover_enabled=&#8221;off&#8221; button_two_border_color__hover_enabled=&#8221;off&#8221; button_border_radius__hover_enabled=&#8221;on&#8221; button_border_radius__hover=&#8221;7px&#8221; button_one_border_radius__hover_enabled=&#8221;off&#8221; button_two_border_radius__hover_enabled=&#8221;off&#8221; button_letter_spacing__hover_enabled=&#8221;off&#8221; button_one_letter_spacing__hover_enabled=&#8221;off&#8221; button_two_letter_spacing__hover_enabled=&#8221;off&#8221; button_bg_color__hover_enabled=&#8221;off&#8221; button_one_bg_color__hover_enabled=&#8221;off&#8221; button_two_bg_color__hover_enabled=&#8221;off&#8221;][\/et_pb_button][\/et_pb_column][et_pb_column type=&#8221;1_4&#8243; _builder_version=&#8221;4.16&#8243; custom_padding=&#8221;|||&#8221; global_colors_info=&#8221;{}&#8221; custom_padding__hover=&#8221;|||&#8221;][\/et_pb_column][\/et_pb_row][et_pb_row padding_mobile=&#8221;off&#8221; column_padding_mobile=&#8221;on&#8221; admin_label=&#8221;Row&#8221; _builder_version=&#8221;4.16&#8243; background_size=&#8221;initial&#8221; background_position=&#8221;top_left&#8221; background_repeat=&#8221;repeat&#8221; global_colors_info=&#8221;{}&#8221;][et_pb_column type=&#8221;4_4&#8243; _builder_version=&#8221;4.16&#8243; custom_padding=&#8221;|||&#8221; global_colors_info=&#8221;{}&#8221; custom_padding__hover=&#8221;|||&#8221;][et_pb_divider divider_weight=&#8221;1px&#8221; admin_label=&#8221;Divider&#8221; _builder_version=&#8221;4.16&#8243; hide_on_mobile=&#8221;off&#8221; global_colors_info=&#8221;{}&#8221;][\/et_pb_divider][et_pb_text admin_label=&#8221;Text&#8221; _builder_version=&#8221;4.16&#8243; background_size=&#8221;initial&#8221; background_position=&#8221;top_left&#8221; background_repeat=&#8221;repeat&#8221; text_orientation=&#8221;center&#8221; module_alignment=&#8221;center&#8221; global_colors_info=&#8221;{}&#8221;]<strong>Garni Penzion Pletna***<\/strong>\u00a0&#8211; Cesta svobode 37 \u00a0SI-4260 Bled, Slovenia \u00a0 I \u00a0 <strong>tel:<\/strong> <span class=\"blue\">+386 (0) 41 393 899 \u00a0 I \u00a0<strong>\u00a0<\/strong><\/span><strong>mail:<\/strong> <span class=\"blue\"><a href=\"mailto: info@pletna.com\"> info@pletna.com<\/a><\/span>[\/et_pb_text][\/et_pb_column][\/et_pb_row][et_pb_row column_structure=&#8221;1_4,1_4,1_4,1_4&#8243; padding_mobile=&#8221;off&#8221; column_padding_mobile=&#8221;on&#8221; admin_label=&#8221;Row&#8221; _builder_version=&#8221;4.16&#8243; background_size=&#8221;initial&#8221; background_position=&#8221;top_left&#8221; background_repeat=&#8221;repeat&#8221; custom_padding=&#8221;0px|0px|0px|0px&#8221; global_colors_info=&#8221;{}&#8221;][et_pb_column type=&#8221;1_4&#8243; _builder_version=&#8221;4.16&#8243; custom_padding=&#8221;|||&#8221; global_colors_info=&#8221;{}&#8221; custom_padding__hover=&#8221;|||&#8221;][et_pb_code admin_label=&#8221;Code&#8221; _builder_version=&#8221;4.16&#8243; global_colors_info=&#8221;{}&#8221;]<\/p>\n<div id=\"TA_certificateOfExcellence177\" class=\"TA_certificateOfExcellence\">\n<ul id=\"R4jU5JWkK\" class=\"TA_links XSqS3spOUC\">\n<li id=\"uwUfZk\" class=\"3KIg7IOZQdJ\"><a href=\"https:\/\/www.tripadvisor.com\/\" target=\"_blank\" rel=\"noopener noreferrer\"><img decoding=\"async\" id=\"CDSWIDCOELOGO\" class=\"widCOEImg\" src=\"https:\/\/www.tripadvisor.com\/img\/cdsi\/img2\/awards\/CoE2016_WidgetAsset-14348-2.png\" alt=\"TripAdvisor\" \/><\/a><\/li>\n<\/ul>\n<\/div>\n<pee><script src=\"https:\/\/www.jscache.com\/wejs?wtype=certificateOfExcellence&#038;uniq=177&#038;locationId=1036765&#038;lang=en_US&#038;year=2013&#038;display_version=2\"><\/script>[\/et_pb_code][\/et_pb_column][et_pb_column type=&#8221;1_4&#8243; _builder_version=&#8221;4.16&#8243; custom_padding=&#8221;|||&#8221; global_colors_info=&#8221;{}&#8221; custom_padding__hover=&#8221;|||&#8221;][et_pb_code admin_label=&#8221;Code&#8221; _builder_version=&#8221;4.16&#8243; global_colors_info=&#8221;{}&#8221;]<\/p>\n<div id=\"TA_certificateOfExcellence758\" class=\"TA_certificateOfExcellence\">\n<ul id=\"NQj73kmxmNdm\" class=\"TA_links bWBuWJ3yB6y\">\n<li id=\"AuLPy9h\" class=\"UspsH01Z\"><a href=\"https:\/\/www.tripadvisor.com\/\" target=\"_blank\" rel=\"noopener noreferrer\"><img decoding=\"async\" id=\"CDSWIDCOELOGO\" class=\"widCOEImg\" src=\"https:\/\/www.tripadvisor.com\/img\/cdsi\/img2\/awards\/CoE2016_WidgetAsset-14348-2.png\" alt=\"TripAdvisor\" \/><\/a><\/li>\n<\/ul>\n<\/div>\n<pee><script src=\"https:\/\/www.jscache.com\/wejs?wtype=certificateOfExcellence&#038;uniq=758&#038;locationId=1036765&#038;lang=en_US&#038;year=2014&#038;display_version=2\"><\/script>[\/et_pb_code][\/et_pb_column][et_pb_column type=&#8221;1_4&#8243; _builder_version=&#8221;4.16&#8243; custom_padding=&#8221;|||&#8221; global_colors_info=&#8221;{}&#8221; custom_padding__hover=&#8221;|||&#8221;][et_pb_code admin_label=&#8221;Code&#8221; _builder_version=&#8221;4.16&#8243; global_colors_info=&#8221;{}&#8221;]<\/p>\n<div id=\"TA_certificateOfExcellence203\" class=\"TA_certificateOfExcellence\">\n<ul id=\"2qmyLgQ\" class=\"TA_links 9Zpm5ed3TE1\">\n<li id=\"8nw5iD\" class=\"Cq7RXi\"><a href=\"https:\/\/www.tripadvisor.com\/\" target=\"_blank\" rel=\"noopener noreferrer\"><img decoding=\"async\" id=\"CDSWIDCOELOGO\" class=\"widCOEImg\" src=\"https:\/\/www.tripadvisor.com\/img\/cdsi\/img2\/awards\/CoE2016_WidgetAsset-14348-2.png\" alt=\"TripAdvisor\" \/><\/a><\/li>\n<\/ul>\n<\/div>\n<pee><script src=\"https:\/\/www.jscache.com\/wejs?wtype=certificateOfExcellence&#038;uniq=203&#038;locationId=1036765&#038;lang=en_US&#038;year=2015&#038;display_version=2\"><\/script>[\/et_pb_code][\/et_pb_column][et_pb_column type=&#8221;1_4&#8243; _builder_version=&#8221;4.16&#8243; custom_padding=&#8221;|||&#8221; global_colors_info=&#8221;{}&#8221; custom_padding__hover=&#8221;|||&#8221;][et_pb_code admin_label=&#8221;Code&#8221; _builder_version=&#8221;4.16&#8243; global_colors_info=&#8221;{}&#8221;]<\/p>\n<div id=\"TA_certificateOfExcellence189\" class=\"TA_certificateOfExcellence\">\n<ul id=\"K51gmm\" class=\"TA_links Csi1VkON9T8F\">\n<li id=\"s6cff7\" class=\"HmvOaP\"><a href=\"https:\/\/www.tripadvisor.com\/Hotel_Review-g274863-d1036765-Reviews-Pension_Pletna-Bled_Upper_Carniola_Region.html\" target=\"_blank\" rel=\"noopener noreferrer\"><img decoding=\"async\" id=\"CDSWIDCOELOGO\" class=\"widCOEImg\" src=\"https:\/\/www.tripadvisor.com\/img\/cdsi\/img2\/awards\/CoE2016_WidgetAsset-14348-2.png\" alt=\"TripAdvisor\" \/><\/a><\/li>\n<\/ul>\n<\/div>\n<pee><script src=\"https:\/\/www.jscache.com\/wejs?wtype=certificateOfExcellence&#038;uniq=189&#038;locationId=1036765&#038;lang=en_US&#038;year=2016&#038;display_version=2\"><\/script>[\/et_pb_code][\/et_pb_column][\/et_pb_row][\/et_pb_section]<\/p>\n","protected":false},"excerpt":{"rendered":"<p>\u00a0: VISOKA SEZONA:\u00b7 Dvoposteljna soba: 115\u20ac \u2013 135\u20ac\u00b7 Enoposteljna soba: 95\u20ac \u2013 100\u20ac\u00b7 Troposteljna soba: 135\u20ac \u2013 145\u20ac &nbsp; NIZKA\u00a0SEZONA:\u00b7 Dvoposteljna soba: 95\u20ac- 100\u20ac\u00b7 Enoposteljna soba: 85\u20ac \u2013 90\u20ac\u00b7 Troposteljna soba: 120\u20ac \u2013 125\u20ac &nbsp; Cena NE vklju\u010duje: zajtrka, turisti\u010dne takse (3,13\u20ac na osebo na no\u010d, otroci 7-18 let: 1,57\u20ac)Cena vklju\u010duje: wi-fi, klimo, parkiri\u0161\u010de, dodatna [&hellip;]<\/p>\n","protected":false},"author":1,"featured_media":0,"parent":0,"menu_order":0,"comment_status":"closed","ping_status":"closed","template":"","meta":{"_et_pb_use_builder":"on","_et_pb_old_content":"","_et_gb_content_width":"","footnotes":""},"class_list":["post-5609","page","type-page","status-publish","hentry"],"aioseo_notices":[],"_links":{"self":[{"href":"https:\/\/www.pletna.com\/sl\/wp-json\/wp\/v2\/pages\/5609"}],"collection":[{"href":"https:\/\/www.pletna.com\/sl\/wp-json\/wp\/v2\/pages"}],"about":[{"href":"https:\/\/www.pletna.com\/sl\/wp-json\/wp\/v2\/types\/page"}],"author":[{"embeddable":true,"href":"https:\/\/www.pletna.com\/sl\/wp-json\/wp\/v2\/users\/1"}],"replies":[{"embeddable":true,"href":"https:\/\/www.pletna.com\/sl\/wp-json\/wp\/v2\/comments?post=5609"}],"version-history":[{"count":3,"href":"https:\/\/www.pletna.com\/sl\/wp-json\/wp\/v2\/pages\/5609\/revisions"}],"predecessor-version":[{"id":116511,"href":"https:\/\/www.pletna.com\/sl\/wp-json\/wp\/v2\/pages\/5609\/revisions\/116511"}],"wp:attachment":[{"href":"https:\/\/www.pletna.com\/sl\/wp-json\/wp\/v2\/media?parent=5609"}],"curies":[{"name":"wp","href":"https:\/\/api.w.org\/{rel}","templated":true}]}}