{"id":115362,"date":"2016-10-24T11:07:07","date_gmt":"2016-10-24T10:07:07","guid":{"rendered":"https:\/\/www.pletna.com\/sobe-2\/"},"modified":"2022-12-02T20:32:26","modified_gmt":"2022-12-02T19:32:26","slug":"zimmer","status":"publish","type":"page","link":"https:\/\/www.pletna.com\/de\/zimmer\/","title":{"rendered":"ZIMMER"},"content":{"rendered":"<p>[et_pb_section fb_built=&#8220;1&#8243; fullwidth=&#8220;on&#8220; custom_padding_last_edited=&#8220;on|desktop&#8220; admin_label=&#8220;Section&#8220; module_class=&#8220;valencia&#8220; _builder_version=&#8220;3.22&#8243; parallax=&#8220;on&#8220; custom_padding_tablet=&#8220;50px|0|50px|0&#8243; custom_padding_phone=&#8220;&#8220; transparent_background=&#8220;off&#8220; padding_mobile=&#8220;off&#8220;][et_pb_fullwidth_header title=&#8220;FR\u00dcHST\u00dcCKSPENZION PLETNA BLED&#8220; text_orientation=&#8220;right&#8220; header_fullscreen=&#8220;on&#8220; header_scroll_down=&#8220;on&#8220; scroll_down_icon=&#8220;?&#8220; scroll_down_icon_color=&#8220;#f5f5dc&#8220; button_one_text=&#8220;JETZT BUCHEN&#8220; button_one_url=&#8220;https:\/\/www.pletna.com\/de\/reservirungen\/&#8220; background_overlay_color=&#8220;rgba(0,0,0,0.3)&#8220; content_max_width=&#8220;none&#8220; title_font_color=&#8220;#f5f5dc&#8220; subhead_font_color=&#8220;#f5f5dc&#8220; content_font_color=&#8220;#f5f5dc&#8220; admin_label=&#8220;Fullwidth Header&#8220; _builder_version=&#8220;3.16&#8243; title_font=&#8220;Lora|on|||&#8220; title_text_color=&#8220;#f5f5dc&#8220; title_font_size=&#8220;52px&#8220; content_text_color=&#8220;#f5f5dc&#8220; subhead_text_color=&#8220;#f5f5dc&#8220; subhead_font_size=&#8220;20px&#8220; background_color=&#8220;rgba(255, 255, 255, 0)&#8220; background_image=&#8220;https:\/\/www.pletna.com\/wp-content\/uploads\/2016\/10\/penzion-pletna-bled-header-2000-1000.jpg&#8220; custom_button_one=&#8220;on&#8220; button_one_text_size=&#8220;20px&#8220; button_one_text_color=&#8220;#f5f5dc&#8220; button_one_border_width=&#8220;2px&#8220; button_one_border_color=&#8220;#f5f5dc&#8220; button_one_border_radius=&#8220;7px&#8220; button_one_font=&#8220;Lora||||&#8220; button_one_icon=&#8220;\ue023&#8220; button_one_icon_color=&#8220;#f5f5dc&#8220; title_font_size_tablet=&#8220;37px&#8220; title_font_size_phone=&#8220;22px&#8220; title_font_size_last_edited=&#8220;on|desktop&#8220; subhead_font_size_tablet=&#8220;19px&#8220; subhead_font_size_phone=&#8220;17px&#8220; subhead_font_size_last_edited=&#8220;on|phone&#8220; background_url=&#8220;https:\/\/www.pletna.com\/wp-content\/uploads\/2016\/10\/penzion-pletna-bled-header-2000-1000.jpg&#8220; button_one_border_radius_hover=&#8220;7px&#8220; button_one_text_size__hover_enabled=&#8220;off&#8220; button_two_text_size__hover_enabled=&#8220;off&#8220; button_one_text_color__hover_enabled=&#8220;off&#8220; button_two_text_color__hover_enabled=&#8220;off&#8220; button_one_border_width__hover_enabled=&#8220;off&#8220; button_two_border_width__hover_enabled=&#8220;off&#8220; button_one_border_color__hover_enabled=&#8220;off&#8220; button_two_border_color__hover_enabled=&#8220;off&#8220; button_one_border_radius__hover_enabled=&#8220;on&#8220; button_one_border_radius__hover=&#8220;7px&#8220; button_two_border_radius__hover_enabled=&#8220;off&#8220; button_one_letter_spacing__hover_enabled=&#8220;off&#8220; button_two_letter_spacing__hover_enabled=&#8220;off&#8220; button_one_bg_color__hover_enabled=&#8220;off&#8220; button_two_bg_color__hover_enabled=&#8220;off&#8220;][\/et_pb_fullwidth_header][\/et_pb_section][et_pb_section fb_built=&#8220;1&#8243; admin_label=&#8220;Section #4&#8243; _builder_version=&#8220;3.22&#8243; background_color=&#8220;#f5f5dc&#8220; custom_padding=&#8220;0px|||&#8220; custom_padding_tablet=&#8220;0px|||&#8220; transparent_background=&#8220;off&#8220; padding_mobile=&#8220;on&#8220;][et_pb_row padding_mobile=&#8220;on&#8220; column_padding_mobile=&#8220;on&#8220; admin_label=&#8220;Row&#8220; _builder_version=&#8220;3.25&#8243; background_size=&#8220;initial&#8220; background_position=&#8220;top_left&#8220; background_repeat=&#8220;repeat&#8220; custom_padding=&#8220;76px||0px|&#8220; custom_padding_phone=&#8220;36px||46px|&#8220; column_structure=&#8220;1_2,1_2&#8243;][et_pb_column type=&#8220;1_2&#8243; _builder_version=&#8220;3.25&#8243; custom_padding=&#8220;|||&#8220; custom_padding__hover=&#8220;|||&#8220;][et_pb_divider divider_weight=&#8220;4&#8243; admin_label=&#8220;Divider&#8220; _builder_version=&#8220;3.23.4&#8243; height=&#8220;6px&#8220; hide_on_mobile=&#8220;off&#8220;][\/et_pb_divider][et_pb_text admin_label=&#8220;SOBE&#8220; _builder_version=&#8220;3.27.4&#8243; text_font=&#8220;Lora|on|on||&#8220; text_text_color=&#8220;#04583e&#8220; text_font_size=&#8220;40px&#8220; background_size=&#8220;initial&#8220; background_position=&#8220;top_left&#8220; background_repeat=&#8220;repeat&#8220; custom_margin=&#8220;32px||0px|&#8220; text_font_size_tablet=&#8220;&#8220; text_font_size_phone=&#8220;30&#8243; text_font_size_last_edited=&#8220;on|desktop&#8220; custom_css_main_element=&#8220;font-weight:300;&#8220;]<\/p>\n<p>ZIMMER<\/p>\n<p>[\/et_pb_text][et_pb_text admin_label=&#8220;Text&#8220; _builder_version=&#8220;3.27.4&#8243; text_font=&#8220;Lora||||&#8220; background_size=&#8220;initial&#8220; background_position=&#8220;top_left&#8220; background_repeat=&#8220;repeat&#8220; custom_margin=&#8220;16px||0px|&#8220;]<\/p>\n<p>\u2013 3 Doppel- und 2 Drei-Bett-Zimmer (12 Betten\u00a0\u00a0\u00a0\u00a0\u00a0\u00a0 insgesamt, 3-Sterne Kat.)<\/p>\n<p>&#8211; alle mit\u00a0sch\u00f6nem Seeblick<br \/>\u2013 Standart-Gr\u00f6sse aber sehr hell,<\/p>\n<p><span style=\"font-size: 18px;\">\u2013 komfortable queen-size Betten (f\u00fcr zwei) oder separat<\/span><\/p>\n<p>\u2013 En-suite Dusche und Toilete, Haartrockener<br \/>\u2013 AIR CONDITIONING\u00a0 + Deckenventilator<br \/>\u2013 Internet-Anschluss gratis<br \/>\u2013 Kabel-TV<br \/>\u2013 K\u00fchlschrank<br \/>\u2013 Tee\/Kaffee-Kessel (Begr\u00fcssungstee \/-kaffee)<br \/>\u2013 B\u00fcgeleisen\/B\u00fcgelbrett auf Wunsch<br \/>\u2013 Kinderbett auf Wunsch (gratis)<br \/>\u2013 Balkon mit Sitzgarnitur f\u00fcr zwei<br \/>&#8211; leider werden Tiere nicht akzeptiert<\/p>\n<p>&#8211; Badet\u00fccheraustausch jeden zweiten Tag<\/p>\n<p>[\/et_pb_text][\/et_pb_column][et_pb_column type=&#8220;1_2&#8243; _builder_version=&#8220;3.25&#8243; custom_padding=&#8220;|||&#8220; custom_padding__hover=&#8220;|||&#8220;][et_pb_divider divider_weight=&#8220;4&#8243; admin_label=&#8220;Divider&#8220; _builder_version=&#8220;3.23.4&#8243; height=&#8220;6px&#8220; hide_on_mobile=&#8220;off&#8220;][\/et_pb_divider][et_pb_text admin_label=&#8220;SPO\u0160NI POGOJI&#8220; _builder_version=&#8220;3.27.4&#8243; text_font=&#8220;Lora|on|on||&#8220; text_text_color=&#8220;#04583e&#8220; text_font_size=&#8220;40px&#8220; background_size=&#8220;initial&#8220; background_position=&#8220;top_left&#8220; background_repeat=&#8220;repeat&#8220; custom_margin=&#8220;32px||0px|&#8220; text_font_size_tablet=&#8220;&#8220; text_font_size_phone=&#8220;30&#8243; text_font_size_last_edited=&#8220;on|desktop&#8220; custom_css_main_element=&#8220;font-weight:300;&#8220;]<\/p>\n<p>ALLGEMEINE BEDINGUNGEN<\/p>\n<p>[\/et_pb_text][et_pb_text admin_label=&#8220;Text&#8220; _builder_version=&#8220;3.27.4&#8243; text_font=&#8220;Lora||||&#8220; background_size=&#8220;initial&#8220; background_position=&#8220;top_left&#8220; background_repeat=&#8220;repeat&#8220; custom_margin=&#8220;16px||0px|&#8220;]<\/p>\n<p>&#8211; Die Anmeldung &#8211; jederzeit ab 14.00 Uhr (fr\u00fcher m\u00f6glich nach Absprache)<br \/>&#8211; Die Abmeldung &#8211; von 8.00 Uhr\u00a0morgens bis sp\u00e4testens 11.00 Uhr vormittags<br \/>&#8211; Sp\u00e4te Anreise m\u00f6glich<br \/>&#8211; Bei der letzten Best\u00e4tigung die Angabe einer ungef\u00e4hren Anreisezeit erw\u00fcnscht<br \/>&#8211; Stornierung der Reservierung: bis zu\u00a02 Tage vor der Anreise gratis; ansonsten wird die erste Nacht verrechnet.\u00a0<br \/>&#8211; Wir ziehen die Bezahlung in bar\u00a0vor! Kreditkarten auch m\u00f6glich.<\/p>\n<p>&#8211; Es kann passieren, dass wir zuf\u00e4llig nicht zu hause sind. In einem solchen Fall,\u00a0werden die Rezeptionistinnen der Nachbarpension f\u00fcr Sie da.<\/p>\n<p>[\/et_pb_text][\/et_pb_column][\/et_pb_row][et_pb_row padding_mobile=&#8220;off&#8220; column_padding_mobile=&#8220;on&#8220; admin_label=&#8220;Row&#8220; _builder_version=&#8220;3.25&#8243; background_size=&#8220;initial&#8220; background_position=&#8220;top_left&#8220; background_repeat=&#8220;repeat&#8220; column_structure=&#8220;1_4,1_2,1_4&#8243;][et_pb_column type=&#8220;1_4&#8243; _builder_version=&#8220;3.25&#8243; custom_padding=&#8220;|||&#8220; custom_padding__hover=&#8220;|||&#8220;][\/et_pb_column][et_pb_column type=&#8220;1_2&#8243; _builder_version=&#8220;3.25&#8243; custom_padding=&#8220;|||&#8220; custom_padding__hover=&#8220;|||&#8220;][et_pb_button button_url=&#8220;https:\/\/www.pletna.com\/de\/reservirungen\/&#8220; button_text=&#8220;JETZT BUCHEN&#8220; button_alignment=&#8220;center&#8220; admin_label=&#8220;Button&#8220; _builder_version=&#8220;3.16&#8243; custom_button=&#8220;on&#8220; button_text_color=&#8220;#04583e&#8220; button_bg_color=&#8220;#ffffff&#8220; button_border_color=&#8220;#04583e&#8220; button_border_radius=&#8220;7px&#8220; button_icon=&#8220;%%128%%&#8220; button_border_radius_hover=&#8220;7px&#8220; button_text_size__hover_enabled=&#8220;off&#8220; button_one_text_size__hover_enabled=&#8220;off&#8220; button_two_text_size__hover_enabled=&#8220;off&#8220; button_text_color__hover_enabled=&#8220;off&#8220; button_one_text_color__hover_enabled=&#8220;off&#8220; button_two_text_color__hover_enabled=&#8220;off&#8220; button_border_width__hover_enabled=&#8220;off&#8220; button_one_border_width__hover_enabled=&#8220;off&#8220; button_two_border_width__hover_enabled=&#8220;off&#8220; button_border_color__hover_enabled=&#8220;off&#8220; button_one_border_color__hover_enabled=&#8220;off&#8220; button_two_border_color__hover_enabled=&#8220;off&#8220; button_border_radius__hover_enabled=&#8220;on&#8220; button_border_radius__hover=&#8220;7px&#8220; button_one_border_radius__hover_enabled=&#8220;off&#8220; button_two_border_radius__hover_enabled=&#8220;off&#8220; button_letter_spacing__hover_enabled=&#8220;off&#8220; button_one_letter_spacing__hover_enabled=&#8220;off&#8220; button_two_letter_spacing__hover_enabled=&#8220;off&#8220; button_bg_color__hover_enabled=&#8220;off&#8220; button_one_bg_color__hover_enabled=&#8220;off&#8220; button_two_bg_color__hover_enabled=&#8220;off&#8220;][\/et_pb_button][\/et_pb_column][et_pb_column type=&#8220;1_4&#8243; _builder_version=&#8220;3.25&#8243; custom_padding=&#8220;|||&#8220; custom_padding__hover=&#8220;|||&#8220;][\/et_pb_column][\/et_pb_row][\/et_pb_section][et_pb_section fb_built=&#8220;1&#8243; admin_label=&#8220;Section #4 &#8211; Areas of practice&#8220; _builder_version=&#8220;3.22&#8243; background_color=&#8220;#f5f5dc&#8220; custom_padding=&#8220;0px|||&#8220; custom_padding_tablet=&#8220;0px|||&#8220; transparent_background=&#8220;off&#8220; padding_mobile=&#8220;on&#8220;][et_pb_row padding_mobile=&#8220;on&#8220; column_padding_mobile=&#8220;on&#8220; admin_label=&#8220;Row&#8220; _builder_version=&#8220;3.25&#8243; background_size=&#8220;initial&#8220; background_position=&#8220;top_left&#8220; background_repeat=&#8220;repeat&#8220; custom_padding=&#8220;0px||0px|&#8220; custom_padding_phone=&#8220;36px||46px|&#8220;][et_pb_column type=&#8220;4_4&#8243; _builder_version=&#8220;3.25&#8243; custom_padding=&#8220;|||&#8220; custom_padding__hover=&#8220;|||&#8220;][et_pb_divider divider_weight=&#8220;4&#8243; admin_label=&#8220;Divider&#8220; _builder_version=&#8220;3.23.4&#8243; height=&#8220;6px&#8220; hide_on_mobile=&#8220;off&#8220;][\/et_pb_divider][et_pb_text admin_label=&#8220;GALERIJA&#8220; _builder_version=&#8220;3.27.4&#8243; text_font=&#8220;Lora|on|on||&#8220; text_text_color=&#8220;#04583e&#8220; text_font_size=&#8220;40px&#8220; background_size=&#8220;initial&#8220; background_position=&#8220;top_left&#8220; background_repeat=&#8220;repeat&#8220; text_orientation=&#8220;center&#8220; module_alignment=&#8220;center&#8220; custom_margin=&#8220;15px||15px|&#8220; text_font_size_tablet=&#8220;&#8220; text_font_size_phone=&#8220;30&#8243; text_font_size_last_edited=&#8220;on|desktop&#8220; custom_css_main_element=&#8220;font-weight:300;&#8220;]<\/p>\n<p>GALERIE<\/p>\n<p>[\/et_pb_text][et_pb_gallery gallery_ids=&#8220;115363,115364,115365,115366,115367,115368,115369,115370,115371,115372,115373,115374,115375,115376,115377,115378,115379,115380,115381,115382,115383,115384,115385,115386,115387,115388,115389,115390,115391,115392,115393,115394,115395,115396,115397,115398,115399,115400,115401,115402,115403,115404,115405,115406,115407,115408,115409,115410,115411,115412,115413,115414,115415,115416,115417,115418,115419,115420&#8243; posts_number=&#8220;24&#8243; show_title_and_caption=&#8220;off&#8220; hover_icon=&#8220;%%100%%&#8220; admin_label=&#8220;Gallery&#8220; _builder_version=&#8220;3.0.47&#8243;][\/et_pb_gallery][\/et_pb_column][\/et_pb_row][et_pb_row padding_mobile=&#8220;off&#8220; column_padding_mobile=&#8220;on&#8220; admin_label=&#8220;Row&#8220; _builder_version=&#8220;3.25&#8243; background_size=&#8220;initial&#8220; background_position=&#8220;top_left&#8220; background_repeat=&#8220;repeat&#8220; column_structure=&#8220;1_2,1_2&#8243;][et_pb_column type=&#8220;1_2&#8243; _builder_version=&#8220;3.25&#8243; custom_padding=&#8220;|||&#8220; custom_padding__hover=&#8220;|||&#8220;][et_pb_testimonial author=&#8220;Lagos L&#8220; company_name=&#8220;Trip Advisor&#8220; admin_label=&#8220;Testimonial&#8220; _builder_version=&#8220;3.2&#8243; background_size=&#8220;initial&#8220; background_position=&#8220;top_left&#8220; background_repeat=&#8220;repeat&#8220;]<\/p>\n<h4>\u201cNice, friendly people, beautiful interior.\u201d<\/h4>\n<p>Nice people, relaxing, chill-out ambient, good location near the lake where you can swim and take a ride with famous pletna boat to the island. Especially interesting was conversation I had with guests from New Zealand and very intelligent receptionist, for which I later found out she took part in many rowing competitions. These guys in the hostel are awesome, for that service they could charge more. Keep on good work! Stayed July 2016, traveled solo<\/p>\n<p>[\/et_pb_testimonial][\/et_pb_column][et_pb_column type=&#8220;1_2&#8243; _builder_version=&#8220;3.25&#8243; custom_padding=&#8220;|||&#8220; custom_padding__hover=&#8220;|||&#8220;][et_pb_testimonial author=&#8220;mjmizzi Island of Malta, Malta&#8220; company_name=&#8220;Trip Advisor&#8220; admin_label=&#8220;Testimonial&#8220; _builder_version=&#8220;3.2&#8243; background_size=&#8220;initial&#8220; background_position=&#8220;top_left&#8220; background_repeat=&#8220;repeat&#8220;]<\/p>\n<h4>\u201cLovely stay in Bled,Slovenia\u201d<\/h4>\n<p>We stayed in Lake Bled for 5 nights from 5th till the 10th of June. Our stay in Pension Pletna was a very pleasant one. The room was very clean as was the shower. And what about the view! All rooms enjoy the magnificent view of the lake and the church island. You cannot have a better view from any other place. It was great waking up every morning to that view. We did not have breakfast at the pension. Although they offer room service, we opted to take a buffet breakfast at a nearby pension (about 100m away) that they have an agreement with, for \u20ac7 each. They also have parking reserved for residents by the street. The owners, Mojca and her husband were very friendly and helpful. Will definitely stay here again if we go back to Lake Bled.<\/p>\n<p>[\/et_pb_testimonial][\/et_pb_column][\/et_pb_row][et_pb_row padding_mobile=&#8220;off&#8220; column_padding_mobile=&#8220;on&#8220; admin_label=&#8220;Row&#8220; _builder_version=&#8220;3.25&#8243; background_size=&#8220;initial&#8220; background_position=&#8220;top_left&#8220; background_repeat=&#8220;repeat&#8220;][et_pb_column type=&#8220;4_4&#8243; _builder_version=&#8220;3.25&#8243; custom_padding=&#8220;|||&#8220; custom_padding__hover=&#8220;|||&#8220;][et_pb_divider divider_weight=&#8220;1px&#8220; admin_label=&#8220;Divider&#8220; _builder_version=&#8220;3.2&#8243; hide_on_mobile=&#8220;off&#8220;][\/et_pb_divider][et_pb_text admin_label=&#8220;Text&#8220; _builder_version=&#8220;3.27.4&#8243; background_size=&#8220;initial&#8220; background_position=&#8220;top_left&#8220; background_repeat=&#8220;repeat&#8220; text_orientation=&#8220;center&#8220; module_alignment=&#8220;center&#8220;]<strong>Garni Penzion Pletna***<\/strong>\u00a0&#8211; Cesta svobode 37 \u00a0SI-4260 Bled, Slovenia \u00a0 I \u00a0 <strong>tel:<\/strong> <span class=\"blue\">+386 (0) 41 393 899 \u00a0 I \u00a0<strong>\u00a0<\/strong><\/span><strong>mail:<\/strong> <span class=\"blue\"><a href=\"mailto: info@pletna.com\"> info@pletna.com<\/a><\/span>[\/et_pb_text][\/et_pb_column][\/et_pb_row][et_pb_row padding_mobile=&#8220;off&#8220; column_padding_mobile=&#8220;on&#8220; admin_label=&#8220;Row&#8220; _builder_version=&#8220;3.25&#8243; background_size=&#8220;initial&#8220; background_position=&#8220;top_left&#8220; background_repeat=&#8220;repeat&#8220; custom_padding=&#8220;0px|0px|0px|0px&#8220; column_structure=&#8220;1_4,1_4,1_4,1_4&#8243;][et_pb_column type=&#8220;1_4&#8243; _builder_version=&#8220;3.25&#8243; custom_padding=&#8220;|||&#8220; custom_padding__hover=&#8220;|||&#8220;][et_pb_code admin_label=&#8220;Code&#8220;]<\/p>\n<div id=\"TA_certificateOfExcellence177\" class=\"TA_certificateOfExcellence\">\n<ul id=\"R4jU5JWkK\" class=\"TA_links XSqS3spOUC\">\n<li id=\"uwUfZk\" class=\"3KIg7IOZQdJ\"> <a target=\"_blank\" href=\"https:\/\/www.tripadvisor.com\/\" rel=\"noopener noreferrer\"><img decoding=\"async\" src=\"https:\/\/www.tripadvisor.com\/img\/cdsi\/img2\/awards\/CoE2016_WidgetAsset-14348-2.png\" alt=\"TripAdvisor\" class=\"widCOEImg\" id=\"CDSWIDCOELOGO\"\/><\/a> <\/li>\n<\/ul><\/div>\n<p> <script src=\"https:\/\/www.jscache.com\/wejs?wtype=certificateOfExcellence&#038;uniq=177&#038;locationId=1036765&#038;lang=en_US&#038;year=2013&#038;display_version=2\"><\/script>[\/et_pb_code][\/et_pb_column][et_pb_column type=&#8220;1_4&#8243; _builder_version=&#8220;3.25&#8243; custom_padding=&#8220;|||&#8220; custom_padding__hover=&#8220;|||&#8220;][et_pb_code admin_label=&#8220;Code&#8220;]<\/p>\n<div id=\"TA_certificateOfExcellence758\" class=\"TA_certificateOfExcellence\">\n<ul id=\"NQj73kmxmNdm\" class=\"TA_links bWBuWJ3yB6y\">\n<li id=\"AuLPy9h\" class=\"UspsH01Z\"> <a target=\"_blank\" href=\"https:\/\/www.tripadvisor.com\/\" rel=\"noopener noreferrer\"><img decoding=\"async\" src=\"https:\/\/www.tripadvisor.com\/img\/cdsi\/img2\/awards\/CoE2016_WidgetAsset-14348-2.png\" alt=\"TripAdvisor\" class=\"widCOEImg\" id=\"CDSWIDCOELOGO\"\/><\/a> <\/li>\n<\/ul><\/div>\n<p> <script src=\"https:\/\/www.jscache.com\/wejs?wtype=certificateOfExcellence&#038;uniq=758&#038;locationId=1036765&#038;lang=en_US&#038;year=2014&#038;display_version=2\"><\/script>[\/et_pb_code][\/et_pb_column][et_pb_column type=&#8220;1_4&#8243; _builder_version=&#8220;3.25&#8243; custom_padding=&#8220;|||&#8220; custom_padding__hover=&#8220;|||&#8220;][et_pb_code admin_label=&#8220;Code&#8220;]<\/p>\n<div id=\"TA_certificateOfExcellence203\" class=\"TA_certificateOfExcellence\">\n<ul id=\"2qmyLgQ\" class=\"TA_links 9Zpm5ed3TE1\">\n<li id=\"8nw5iD\" class=\"Cq7RXi\"> <a target=\"_blank\" href=\"https:\/\/www.tripadvisor.com\/\" rel=\"noopener noreferrer\"><img decoding=\"async\" src=\"https:\/\/www.tripadvisor.com\/img\/cdsi\/img2\/awards\/CoE2016_WidgetAsset-14348-2.png\" alt=\"TripAdvisor\" class=\"widCOEImg\" id=\"CDSWIDCOELOGO\"\/><\/a> <\/li>\n<\/ul><\/div>\n<p> <script src=\"https:\/\/www.jscache.com\/wejs?wtype=certificateOfExcellence&#038;uniq=203&#038;locationId=1036765&#038;lang=en_US&#038;year=2015&#038;display_version=2\"><\/script>[\/et_pb_code][\/et_pb_column][et_pb_column type=&#8220;1_4&#8243; _builder_version=&#8220;3.25&#8243; custom_padding=&#8220;|||&#8220; custom_padding__hover=&#8220;|||&#8220;][et_pb_code admin_label=&#8220;Code&#8220;]<\/p>\n<div id=\"TA_certificateOfExcellence189\" class=\"TA_certificateOfExcellence\">\n<ul id=\"K51gmm\" class=\"TA_links Csi1VkON9T8F\">\n<li id=\"s6cff7\" class=\"HmvOaP\"> <a target=\"_blank\" href=\"https:\/\/www.tripadvisor.com\/Hotel_Review-g274863-d1036765-Reviews-Pension_Pletna-Bled_Upper_Carniola_Region.html\" rel=\"noopener noreferrer\"><img decoding=\"async\" src=\"https:\/\/www.tripadvisor.com\/img\/cdsi\/img2\/awards\/CoE2016_WidgetAsset-14348-2.png\" alt=\"TripAdvisor\" class=\"widCOEImg\" id=\"CDSWIDCOELOGO\"\/><\/a> <\/li>\n<\/ul><\/div>\n<p> <script src=\"https:\/\/www.jscache.com\/wejs?wtype=certificateOfExcellence&#038;uniq=189&#038;locationId=1036765&#038;lang=en_US&#038;year=2016&#038;display_version=2\"><\/script>[\/et_pb_code][\/et_pb_column][\/et_pb_row][\/et_pb_section]<\/p>\n","protected":false},"excerpt":{"rendered":"<p>ZIMMER\u2013 3 Doppel- und 2 Drei-Bett-Zimmer (12 Betten\u00a0\u00a0\u00a0\u00a0\u00a0\u00a0 insgesamt, 3-Sterne Kat.) &#8211; alle mit\u00a0sch\u00f6nem Seeblick\u2013 Standart-Gr\u00f6sse aber sehr hell, \u2013 komfortable queen-size Betten (f\u00fcr zwei) oder separat \u2013 En-suite Dusche und Toilete, Haartrockener\u2013 AIR CONDITIONING\u00a0 + Deckenventilator\u2013 Internet-Anschluss gratis\u2013 Kabel-TV\u2013 K\u00fchlschrank\u2013 Tee\/Kaffee-Kessel (Begr\u00fcssungstee \/-kaffee)\u2013 B\u00fcgeleisen\/B\u00fcgelbrett auf Wunsch\u2013 Kinderbett auf Wunsch (gratis)\u2013 Balkon mit Sitzgarnitur f\u00fcr [&hellip;]<\/p>\n","protected":false},"author":1,"featured_media":0,"parent":0,"menu_order":0,"comment_status":"closed","ping_status":"closed","template":"","meta":{"_et_pb_use_builder":"on","_et_pb_old_content":"","_et_gb_content_width":"","footnotes":""},"class_list":["post-115362","page","type-page","status-publish","hentry"],"aioseo_notices":[],"_links":{"self":[{"href":"https:\/\/www.pletna.com\/de\/wp-json\/wp\/v2\/pages\/115362"}],"collection":[{"href":"https:\/\/www.pletna.com\/de\/wp-json\/wp\/v2\/pages"}],"about":[{"href":"https:\/\/www.pletna.com\/de\/wp-json\/wp\/v2\/types\/page"}],"author":[{"embeddable":true,"href":"https:\/\/www.pletna.com\/de\/wp-json\/wp\/v2\/users\/1"}],"replies":[{"embeddable":true,"href":"https:\/\/www.pletna.com\/de\/wp-json\/wp\/v2\/comments?post=115362"}],"version-history":[{"count":0,"href":"https:\/\/www.pletna.com\/de\/wp-json\/wp\/v2\/pages\/115362\/revisions"}],"wp:attachment":[{"href":"https:\/\/www.pletna.com\/de\/wp-json\/wp\/v2\/media?parent=115362"}],"curies":[{"name":"wp","href":"https:\/\/api.w.org\/{rel}","templated":true}]}}