{"id":115287,"date":"2017-01-14T14:49:18","date_gmt":"2017-01-14T13:49:18","guid":{"rendered":"https:\/\/www.pletna.com\/ponudba-2\/"},"modified":"2024-09-27T10:19:17","modified_gmt":"2024-09-27T09:19:17","slug":"angebot","status":"publish","type":"page","link":"https:\/\/www.pletna.com\/de\/angebot\/","title":{"rendered":"ANGEBOT"},"content":{"rendered":"<p>[et_pb_section fb_built=&#8220;1&#8243; fullwidth=&#8220;on&#8220; custom_padding_last_edited=&#8220;on|desktop&#8220; admin_label=&#8220;Section&#8220; module_class=&#8220;valencia&#8220; _builder_version=&#8220;4.16&#8243; parallax=&#8220;on&#8220; custom_padding_tablet=&#8220;50px|0|50px|0&#8243; custom_padding_phone=&#8220;&#8220; transparent_background=&#8220;off&#8220; padding_mobile=&#8220;off&#8220; global_colors_info=&#8220;{}&#8220;][et_pb_fullwidth_header title=&#8220;DAS EXTRA ANGEBOT&#8220; text_orientation=&#8220;right&#8220; header_fullscreen=&#8220;on&#8220; header_scroll_down=&#8220;on&#8220; scroll_down_icon=&#8220;?&#8220; scroll_down_icon_color=&#8220;#f5f5dc&#8220; button_one_text=&#8220;JETZT BUCHEN&#8220; button_one_url=&#8220;https:\/\/www.pletna.com\/de\/reservirungen\/&#8220; background_overlay_color=&#8220;rgba(0,0,0,0.3)&#8220; content_max_width=&#8220;none&#8220; title_font_color=&#8220;#f5f5dc&#8220; subhead_font_color=&#8220;#f5f5dc&#8220; content_font_color=&#8220;#f5f5dc&#8220; admin_label=&#8220;Fullwidth Header&#8220; _builder_version=&#8220;4.16&#8243; title_font=&#8220;Lora|on|||&#8220; title_text_color=&#8220;#f5f5dc&#8220; title_font_size=&#8220;52px&#8220; content_text_color=&#8220;#f5f5dc&#8220; subhead_text_color=&#8220;#f5f5dc&#8220; subhead_font_size=&#8220;20px&#8220; background_color=&#8220;rgba(255, 255, 255, 0)&#8220; background_image=&#8220;https:\/\/www.pletna.com\/wp-content\/uploads\/2016\/11\/bled-1920-1080.jpg&#8220; custom_button_one=&#8220;on&#8220; button_one_text_size=&#8220;20px&#8220; button_one_text_color=&#8220;#f5f5dc&#8220; button_one_border_width=&#8220;2px&#8220; button_one_border_color=&#8220;#f5f5dc&#8220; button_one_border_radius=&#8220;7px&#8220; button_one_font=&#8220;Lora||||&#8220; button_one_icon=&#8220;&#xe023;||divi||400&#8243; button_one_icon_color=&#8220;#f5f5dc&#8220; title_font_size_tablet=&#8220;37px&#8220; title_font_size_phone=&#8220;22px&#8220; title_font_size_last_edited=&#8220;on|desktop&#8220; subhead_font_size_tablet=&#8220;19px&#8220; subhead_font_size_phone=&#8220;17px&#8220; subhead_font_size_last_edited=&#8220;on|phone&#8220; background_url=&#8220;https:\/\/www.pletna.com\/wp-content\/uploads\/2016\/11\/bled-1920-1080.jpg&#8220; button_one_border_radius_hover=&#8220;7px&#8220; global_colors_info=&#8220;{}&#8220; button_one_text_size__hover_enabled=&#8220;off&#8220; button_two_text_size__hover_enabled=&#8220;off&#8220; button_one_text_color__hover_enabled=&#8220;off&#8220; button_two_text_color__hover_enabled=&#8220;off&#8220; button_one_border_width__hover_enabled=&#8220;off&#8220; button_two_border_width__hover_enabled=&#8220;off&#8220; button_one_border_color__hover_enabled=&#8220;off&#8220; button_two_border_color__hover_enabled=&#8220;off&#8220; button_one_border_radius__hover_enabled=&#8220;on&#8220; button_one_border_radius__hover=&#8220;7px&#8220; button_two_border_radius__hover_enabled=&#8220;off&#8220; button_one_letter_spacing__hover_enabled=&#8220;off&#8220; button_two_letter_spacing__hover_enabled=&#8220;off&#8220; button_one_bg_color__hover_enabled=&#8220;off&#8220; button_two_bg_color__hover_enabled=&#8220;off&#8220;][\/et_pb_fullwidth_header][\/et_pb_section][et_pb_section fb_built=&#8220;1&#8243; admin_label=&#8220;Section #4&#8243; _builder_version=&#8220;4.16&#8243; background_color=&#8220;#f5f5dc&#8220; custom_padding=&#8220;0px|||&#8220; custom_padding_tablet=&#8220;0px|||&#8220; transparent_background=&#8220;off&#8220; padding_mobile=&#8220;on&#8220; global_colors_info=&#8220;{}&#8220;][et_pb_row padding_mobile=&#8220;on&#8220; column_padding_mobile=&#8220;on&#8220; admin_label=&#8220;Row&#8220; _builder_version=&#8220;4.16&#8243; background_size=&#8220;initial&#8220; background_position=&#8220;top_left&#8220; background_repeat=&#8220;repeat&#8220; custom_padding=&#8220;76px||0px|&#8220; custom_padding_phone=&#8220;36px||46px|&#8220; global_colors_info=&#8220;{}&#8220; column_structure=&#8220;1_2,1_2&#8243;][et_pb_column type=&#8220;1_2&#8243; _builder_version=&#8220;4.16&#8243; custom_padding=&#8220;|||&#8220; global_colors_info=&#8220;{}&#8220; custom_padding__hover=&#8220;|||&#8220;][et_pb_divider divider_weight=&#8220;4&#8243; admin_label=&#8220;Divider&#8220; _builder_version=&#8220;4.16&#8243; height=&#8220;6px&#8220; hide_on_mobile=&#8220;off&#8220; global_colors_info=&#8220;{}&#8220;][\/et_pb_divider][et_pb_text admin_label=&#8220;PONUDBA&#8220; _builder_version=&#8220;4.16&#8243; text_font=&#8220;Lora|on|on||&#8220; text_text_color=&#8220;#04583e&#8220; text_font_size=&#8220;36&#8243; background_size=&#8220;initial&#8220; background_position=&#8220;top_left&#8220; background_repeat=&#8220;repeat&#8220; text_orientation=&#8220;center&#8220; module_alignment=&#8220;center&#8220; custom_margin=&#8220;32px||0px|&#8220; text_font_size_tablet=&#8220;&#8220; text_font_size_phone=&#8220;30&#8243; text_font_size_last_edited=&#8220;on|desktop&#8220; custom_css_main_element=&#8220;font-weight:300;&#8220; global_colors_info=&#8220;{}&#8220;]<\/p>\n<p>SPEZIELLES ANGEBOT<\/p>\n<p>[\/et_pb_text][et_pb_blurb use_icon=&#8220;on&#8220; font_icon=&#8220;&#xe07b;||divi||400&#8243; disabled_on=&#8220;off|off|&#8220; admin_label=&#8220;Blurb -POSEBNA PONUDBA&#8220; _builder_version=&#8220;4.16&#8243; background_size=&#8220;initial&#8220; background_position=&#8220;top_left&#8220; background_repeat=&#8220;repeat&#8220; text_orientation=&#8220;center&#8220; image_max_width=&#8220;none&#8220; global_colors_info=&#8220;{}&#8220;]<\/p>\n<p>Bleiben Sie 3 N\u00e4chte im Februar und zahlen Sie nur f\u00fcr zwei \u00dcbernachtungen!<br \/>&#8211; Das Room-Service Fr\u00fchst\u00fcck zu 15\u20ac pro Person: ein reichhaltiges kontinentalles Fr\u00fchst\u00fcck wird zu gew\u00fcnschter Zeit direkt aufs Zimmer serviert.<br \/>&#8211; Das Buffet-Fr\u00fchst\u00fcck wird in der benachbarten Pension zum gleichen Preis serviert.<\/p>\n<p>[\/et_pb_blurb][\/et_pb_column][et_pb_column type=&#8220;1_2&#8243; _builder_version=&#8220;4.16&#8243; custom_padding=&#8220;|||&#8220; global_colors_info=&#8220;{}&#8220; custom_padding__hover=&#8220;|||&#8220;][et_pb_divider divider_weight=&#8220;4&#8243; admin_label=&#8220;Divider&#8220; _builder_version=&#8220;4.16&#8243; height=&#8220;6px&#8220; hide_on_mobile=&#8220;off&#8220; global_colors_info=&#8220;{}&#8220;][\/et_pb_divider][et_pb_text admin_label=&#8220;KONTAKT&#8220; _builder_version=&#8220;4.16&#8243; text_font=&#8220;Lora|on|on||&#8220; text_text_color=&#8220;#04583e&#8220; text_font_size=&#8220;36&#8243; background_size=&#8220;initial&#8220; background_position=&#8220;top_left&#8220; background_repeat=&#8220;repeat&#8220; text_orientation=&#8220;center&#8220; module_alignment=&#8220;center&#8220; custom_margin=&#8220;32px||0px|&#8220; text_font_size_tablet=&#8220;&#8220; text_font_size_phone=&#8220;30&#8243; text_font_size_last_edited=&#8220;on|desktop&#8220; custom_css_main_element=&#8220;font-weight:300;&#8220; global_colors_info=&#8220;{}&#8220;]<\/p>\n<p>SPORTLICHES ANGEBOT<\/p>\n<p>[\/et_pb_text][et_pb_blurb use_icon=&#8220;on&#8220; font_icon=&#8220;&#xe07c;||divi||400&#8243; admin_label=&#8220;Blurb &#8211; \u0160PORTNA PONUDBA&#8220; _builder_version=&#8220;4.16&#8243; header_font_size=&#8220;22&#8243; background_size=&#8220;initial&#8220; background_position=&#8220;top_left&#8220; background_repeat=&#8220;repeat&#8220; text_orientation=&#8220;center&#8220; image_max_width=&#8220;none&#8220; global_colors_info=&#8220;{}&#8220;]<\/p>\n<p>&#8211; Booteausleih (Anfangsstunde zahlbar, zus\u00e4tzliche Stunde gratis nur f\u00fcr Pensions- und Apartmentsg\u00e4ste)<br \/>&#8211; Kayak- und Supausleih\u00a0<br \/>&#8211; Fahrradausleih\u00a0<\/p>\n<p>[\/et_pb_blurb][\/et_pb_column][\/et_pb_row][et_pb_row padding_mobile=&#8220;off&#8220; column_padding_mobile=&#8220;on&#8220; admin_label=&#8220;Row&#8220; _builder_version=&#8220;4.16&#8243; background_size=&#8220;initial&#8220; background_position=&#8220;top_left&#8220; background_repeat=&#8220;repeat&#8220; global_colors_info=&#8220;{}&#8220; column_structure=&#8220;1_2,1_2&#8243;][et_pb_column type=&#8220;1_2&#8243; _builder_version=&#8220;4.16&#8243; custom_padding=&#8220;|||&#8220; global_colors_info=&#8220;{}&#8220; custom_padding__hover=&#8220;|||&#8220;][et_pb_blurb image=&#8220;https:\/\/www.pletna.com\/wp-content\/uploads\/2017\/01\/penzion-pletna-bled-special-offer-840-460.jpg&#8220; image_icon_width=&#8220;none&#8220; admin_label=&#8220;Blurb&#8220; _builder_version=&#8220;4.16&#8243; background_size=&#8220;initial&#8220; background_position=&#8220;top_left&#8220; background_repeat=&#8220;repeat&#8220; text_orientation=&#8220;center&#8220; image_max_width=&#8220;none&#8220; global_colors_info=&#8220;{}&#8220;][\/et_pb_blurb][\/et_pb_column][et_pb_column type=&#8220;1_2&#8243; _builder_version=&#8220;4.16&#8243; custom_padding=&#8220;|||&#8220; global_colors_info=&#8220;{}&#8220; custom_padding__hover=&#8220;|||&#8220;][et_pb_blurb image=&#8220;https:\/\/www.pletna.com\/wp-content\/uploads\/2017\/01\/penzion-pletna-sport-offer-840-460.jpg&#8220; image_icon_width=&#8220;none&#8220; admin_label=&#8220;Blurb&#8220; _builder_version=&#8220;4.16&#8243; header_font_size=&#8220;22&#8243; background_size=&#8220;initial&#8220; background_position=&#8220;top_left&#8220; background_repeat=&#8220;repeat&#8220; text_orientation=&#8220;center&#8220; image_max_width=&#8220;none&#8220; global_colors_info=&#8220;{}&#8220;][\/et_pb_blurb][\/et_pb_column][\/et_pb_row][et_pb_row padding_mobile=&#8220;off&#8220; column_padding_mobile=&#8220;on&#8220; admin_label=&#8220;Row&#8220; _builder_version=&#8220;4.16&#8243; background_size=&#8220;initial&#8220; background_position=&#8220;top_left&#8220; background_repeat=&#8220;repeat&#8220; global_colors_info=&#8220;{}&#8220; column_structure=&#8220;1_4,1_2,1_4&#8243;][et_pb_column type=&#8220;1_4&#8243; _builder_version=&#8220;4.16&#8243; custom_padding=&#8220;|||&#8220; global_colors_info=&#8220;{}&#8220; custom_padding__hover=&#8220;|||&#8220;][\/et_pb_column][et_pb_column type=&#8220;1_2&#8243; _builder_version=&#8220;4.16&#8243; custom_padding=&#8220;|||&#8220; global_colors_info=&#8220;{}&#8220; custom_padding__hover=&#8220;|||&#8220;][et_pb_button button_url=&#8220;https:\/\/www.pletna.com\/de\/reservirungen\/&#8220; button_text=&#8220;JETZT BUCHEN&#8220; button_alignment=&#8220;center&#8220; admin_label=&#8220;Button&#8220; _builder_version=&#8220;4.16&#8243; custom_button=&#8220;on&#8220; button_text_color=&#8220;#04583e&#8220; button_bg_color=&#8220;#ffffff&#8220; button_border_color=&#8220;#04583e&#8220; button_border_radius=&#8220;7px&#8220; button_icon=&#8220;&#xe023;||divi||400&#8243; button_border_radius_hover=&#8220;7px&#8220; global_colors_info=&#8220;{}&#8220; button_text_size__hover_enabled=&#8220;off&#8220; button_one_text_size__hover_enabled=&#8220;off&#8220; button_two_text_size__hover_enabled=&#8220;off&#8220; button_text_color__hover_enabled=&#8220;off&#8220; button_one_text_color__hover_enabled=&#8220;off&#8220; button_two_text_color__hover_enabled=&#8220;off&#8220; button_border_width__hover_enabled=&#8220;off&#8220; button_one_border_width__hover_enabled=&#8220;off&#8220; button_two_border_width__hover_enabled=&#8220;off&#8220; button_border_color__hover_enabled=&#8220;off&#8220; button_one_border_color__hover_enabled=&#8220;off&#8220; button_two_border_color__hover_enabled=&#8220;off&#8220; button_border_radius__hover_enabled=&#8220;on&#8220; button_border_radius__hover=&#8220;7px&#8220; button_one_border_radius__hover_enabled=&#8220;off&#8220; button_two_border_radius__hover_enabled=&#8220;off&#8220; button_letter_spacing__hover_enabled=&#8220;off&#8220; button_one_letter_spacing__hover_enabled=&#8220;off&#8220; button_two_letter_spacing__hover_enabled=&#8220;off&#8220; button_bg_color__hover_enabled=&#8220;off&#8220; button_one_bg_color__hover_enabled=&#8220;off&#8220; button_two_bg_color__hover_enabled=&#8220;off&#8220;][\/et_pb_button][\/et_pb_column][et_pb_column type=&#8220;1_4&#8243; _builder_version=&#8220;4.16&#8243; custom_padding=&#8220;|||&#8220; global_colors_info=&#8220;{}&#8220; custom_padding__hover=&#8220;|||&#8220;][\/et_pb_column][\/et_pb_row][et_pb_row padding_mobile=&#8220;off&#8220; column_padding_mobile=&#8220;on&#8220; admin_label=&#8220;Row&#8220; _builder_version=&#8220;4.16&#8243; background_size=&#8220;initial&#8220; background_position=&#8220;top_left&#8220; background_repeat=&#8220;repeat&#8220; global_colors_info=&#8220;{}&#8220;][et_pb_column type=&#8220;4_4&#8243; _builder_version=&#8220;4.16&#8243; custom_padding=&#8220;|||&#8220; global_colors_info=&#8220;{}&#8220; custom_padding__hover=&#8220;|||&#8220;][et_pb_divider divider_weight=&#8220;1px&#8220; admin_label=&#8220;Divider&#8220; _builder_version=&#8220;4.16&#8243; hide_on_mobile=&#8220;off&#8220; global_colors_info=&#8220;{}&#8220;][\/et_pb_divider][et_pb_text admin_label=&#8220;Text&#8220; _builder_version=&#8220;4.16&#8243; background_size=&#8220;initial&#8220; background_position=&#8220;top_left&#8220; background_repeat=&#8220;repeat&#8220; text_orientation=&#8220;center&#8220; module_alignment=&#8220;center&#8220; global_colors_info=&#8220;{}&#8220;]<strong>Garni Penzion Pletna***<\/strong>\u00a0&#8211; Cesta svobode 37 \u00a0SI-4260 Bled, Slovenia \u00a0 I \u00a0 <strong>tel:<\/strong> <span class=\"blue\">+386 (0) 41 393 899 \u00a0 I \u00a0<strong>\u00a0<\/strong><\/span><strong>mail:<\/strong> <span class=\"blue\"><a href=\"mailto: info@pletna.com\"> info@pletna.com<\/a><\/span>[\/et_pb_text][\/et_pb_column][\/et_pb_row][et_pb_row padding_mobile=&#8220;off&#8220; column_padding_mobile=&#8220;on&#8220; admin_label=&#8220;Row&#8220; _builder_version=&#8220;4.16&#8243; background_size=&#8220;initial&#8220; background_position=&#8220;top_left&#8220; background_repeat=&#8220;repeat&#8220; custom_padding=&#8220;0px|0px|0px|0px&#8220; global_colors_info=&#8220;{}&#8220; column_structure=&#8220;1_4,1_4,1_4,1_4&#8243;][et_pb_column type=&#8220;1_4&#8243; _builder_version=&#8220;4.16&#8243; custom_padding=&#8220;|||&#8220; global_colors_info=&#8220;{}&#8220; custom_padding__hover=&#8220;|||&#8220;][et_pb_code admin_label=&#8220;Code&#8220; _builder_version=&#8220;4.16&#8243; global_colors_info=&#8220;{}&#8220;]<\/p>\n<div id=\"TA_certificateOfExcellence177\" class=\"TA_certificateOfExcellence\">\n<ul id=\"R4jU5JWkK\" class=\"TA_links XSqS3spOUC\">\n<li id=\"uwUfZk\" class=\"3KIg7IOZQdJ\"> <a target=\"_blank\" href=\"https:\/\/www.tripadvisor.com\/\" rel=\"noopener\"><img decoding=\"async\" src=\"https:\/\/www.tripadvisor.com\/img\/cdsi\/img2\/awards\/CoE2016_WidgetAsset-14348-2.png\" alt=\"TripAdvisor\" class=\"widCOEImg\" id=\"CDSWIDCOELOGO\"\/><\/a> <\/li>\n<\/ul><\/div>\n<p> <script src=\"https:\/\/www.jscache.com\/wejs?wtype=certificateOfExcellence&#038;uniq=177&#038;locationId=1036765&#038;lang=en_US&#038;year=2013&#038;display_version=2\"><\/script>[\/et_pb_code][\/et_pb_column][et_pb_column type=&#8220;1_4&#8243; _builder_version=&#8220;4.16&#8243; custom_padding=&#8220;|||&#8220; global_colors_info=&#8220;{}&#8220; custom_padding__hover=&#8220;|||&#8220;][et_pb_code admin_label=&#8220;Code&#8220; _builder_version=&#8220;4.16&#8243; global_colors_info=&#8220;{}&#8220;]<\/p>\n<div id=\"TA_certificateOfExcellence758\" class=\"TA_certificateOfExcellence\">\n<ul id=\"NQj73kmxmNdm\" class=\"TA_links bWBuWJ3yB6y\">\n<li id=\"AuLPy9h\" class=\"UspsH01Z\"> <a target=\"_blank\" href=\"https:\/\/www.tripadvisor.com\/\" rel=\"noopener\"><img decoding=\"async\" src=\"https:\/\/www.tripadvisor.com\/img\/cdsi\/img2\/awards\/CoE2016_WidgetAsset-14348-2.png\" alt=\"TripAdvisor\" class=\"widCOEImg\" id=\"CDSWIDCOELOGO\"\/><\/a> <\/li>\n<\/ul><\/div>\n<p> <script src=\"https:\/\/www.jscache.com\/wejs?wtype=certificateOfExcellence&#038;uniq=758&#038;locationId=1036765&#038;lang=en_US&#038;year=2014&#038;display_version=2\"><\/script>[\/et_pb_code][\/et_pb_column][et_pb_column type=&#8220;1_4&#8243; _builder_version=&#8220;4.16&#8243; custom_padding=&#8220;|||&#8220; global_colors_info=&#8220;{}&#8220; custom_padding__hover=&#8220;|||&#8220;][et_pb_code admin_label=&#8220;Code&#8220; _builder_version=&#8220;4.16&#8243; global_colors_info=&#8220;{}&#8220;]<\/p>\n<div id=\"TA_certificateOfExcellence203\" class=\"TA_certificateOfExcellence\">\n<ul id=\"2qmyLgQ\" class=\"TA_links 9Zpm5ed3TE1\">\n<li id=\"8nw5iD\" class=\"Cq7RXi\"> <a target=\"_blank\" href=\"https:\/\/www.tripadvisor.com\/\" rel=\"noopener\"><img decoding=\"async\" src=\"https:\/\/www.tripadvisor.com\/img\/cdsi\/img2\/awards\/CoE2016_WidgetAsset-14348-2.png\" alt=\"TripAdvisor\" class=\"widCOEImg\" id=\"CDSWIDCOELOGO\"\/><\/a> <\/li>\n<\/ul><\/div>\n<p> <script src=\"https:\/\/www.jscache.com\/wejs?wtype=certificateOfExcellence&#038;uniq=203&#038;locationId=1036765&#038;lang=en_US&#038;year=2015&#038;display_version=2\"><\/script>[\/et_pb_code][\/et_pb_column][et_pb_column type=&#8220;1_4&#8243; _builder_version=&#8220;4.16&#8243; custom_padding=&#8220;|||&#8220; global_colors_info=&#8220;{}&#8220; custom_padding__hover=&#8220;|||&#8220;][et_pb_code admin_label=&#8220;Code&#8220; _builder_version=&#8220;4.16&#8243; global_colors_info=&#8220;{}&#8220;]<\/p>\n<div id=\"TA_certificateOfExcellence189\" class=\"TA_certificateOfExcellence\">\n<ul id=\"K51gmm\" class=\"TA_links Csi1VkON9T8F\">\n<li id=\"s6cff7\" class=\"HmvOaP\"> <a target=\"_blank\" href=\"https:\/\/www.tripadvisor.com\/Hotel_Review-g274863-d1036765-Reviews-Pension_Pletna-Bled_Upper_Carniola_Region.html\" rel=\"noopener\"><img decoding=\"async\" src=\"https:\/\/www.tripadvisor.com\/img\/cdsi\/img2\/awards\/CoE2016_WidgetAsset-14348-2.png\" alt=\"TripAdvisor\" class=\"widCOEImg\" id=\"CDSWIDCOELOGO\"\/><\/a> <\/li>\n<\/ul><\/div>\n<p> <script src=\"https:\/\/www.jscache.com\/wejs?wtype=certificateOfExcellence&#038;uniq=189&#038;locationId=1036765&#038;lang=en_US&#038;year=2016&#038;display_version=2\"><\/script>[\/et_pb_code][\/et_pb_column][\/et_pb_row][\/et_pb_section]<\/p>\n","protected":false},"excerpt":{"rendered":"<p>SPEZIELLES ANGEBOTBleiben Sie 3 N\u00e4chte im Februar und zahlen Sie nur f\u00fcr zwei \u00dcbernachtungen!- Das Room-Service Fr\u00fchst\u00fcck zu 15\u20ac pro Person: ein reichhaltiges kontinentalles Fr\u00fchst\u00fcck wird zu gew\u00fcnschter Zeit direkt aufs Zimmer serviert.- Das Buffet-Fr\u00fchst\u00fcck wird in der benachbarten Pension zum gleichen Preis serviert.SPORTLICHES ANGEBOT- Booteausleih (Anfangsstunde zahlbar, zus\u00e4tzliche Stunde gratis nur f\u00fcr Pensions- und [&hellip;]<\/p>\n","protected":false},"author":1,"featured_media":0,"parent":0,"menu_order":0,"comment_status":"closed","ping_status":"closed","template":"","meta":{"_et_pb_use_builder":"on","_et_pb_old_content":"","_et_gb_content_width":"","footnotes":""},"class_list":["post-115287","page","type-page","status-publish","hentry"],"aioseo_notices":[],"_links":{"self":[{"href":"https:\/\/www.pletna.com\/de\/wp-json\/wp\/v2\/pages\/115287"}],"collection":[{"href":"https:\/\/www.pletna.com\/de\/wp-json\/wp\/v2\/pages"}],"about":[{"href":"https:\/\/www.pletna.com\/de\/wp-json\/wp\/v2\/types\/page"}],"author":[{"embeddable":true,"href":"https:\/\/www.pletna.com\/de\/wp-json\/wp\/v2\/users\/1"}],"replies":[{"embeddable":true,"href":"https:\/\/www.pletna.com\/de\/wp-json\/wp\/v2\/comments?post=115287"}],"version-history":[{"count":1,"href":"https:\/\/www.pletna.com\/de\/wp-json\/wp\/v2\/pages\/115287\/revisions"}],"predecessor-version":[{"id":116482,"href":"https:\/\/www.pletna.com\/de\/wp-json\/wp\/v2\/pages\/115287\/revisions\/116482"}],"wp:attachment":[{"href":"https:\/\/www.pletna.com\/de\/wp-json\/wp\/v2\/media?parent=115287"}],"curies":[{"name":"wp","href":"https:\/\/api.w.org\/{rel}","templated":true}]}}