{"id":115282,"date":"2016-10-24T10:59:11","date_gmt":"2016-10-24T09:59:11","guid":{"rendered":"https:\/\/www.pletna.com\/lokacija-kontakt-2\/"},"modified":"2017-10-24T13:07:34","modified_gmt":"2017-10-24T12:07:34","slug":"wo-wir-sind-kontakt","status":"publish","type":"page","link":"https:\/\/www.pletna.com\/de\/wo-wir-sind-kontakt\/","title":{"rendered":"WO SIND WIR &#038; KONTAKT"},"content":{"rendered":"<p>[et_pb_section fb_built=&#8220;1&#8243; fullwidth=&#8220;on&#8220; admin_label=&#8220;Section&#8220; module_class=&#8220;valencia&#8220; custom_padding_last_edited=&#8220;on|desktop&#8220; _builder_version=&#8220;3.0.47&#8243; parallax=&#8220;on&#8220; custom_padding_tablet=&#8220;50px|0|50px|0&#8243; transparent_background=&#8220;off&#8220; padding_mobile=&#8220;off&#8220;][et_pb_fullwidth_header title=&#8220;WO SIND WIR &#038; KONTAKT&#8220; background_layout=&#8220;dark&#8220; text_orientation=&#8220;right&#8220; header_fullscreen=&#8220;on&#8220; header_scroll_down=&#8220;on&#8220; scroll_down_icon=&#8220;?&#8220; scroll_down_icon_color=&#8220;#f5f5dc&#8220; title_font_color=&#8220;#f5f5dc&#8220; subhead_font_color=&#8220;#f5f5dc&#8220; content_font_color=&#8220;#f5f5dc&#8220; button_one_text=&#8220;JETZT BUCHEN&#8220; button_one_url=&#8220;https:\/\/www.pletna.com\/de\/reservirungen\/&#8220; background_overlay_color=&#8220;rgba(0,0,0,0.3)&#8220; admin_label=&#8220;Fullwidth Header&#8220; _builder_version=&#8220;3.0.47&#8243; title_font=&#8220;Lora|on|||&#8220; title_font_size=&#8220;52px&#8220; title_font_size_tablet=&#8220;37px&#8220; title_font_size_phone=&#8220;22px&#8220; title_font_size_last_edited=&#8220;on|desktop&#8220; subhead_font_size=&#8220;20px&#8220; subhead_font_size_tablet=&#8220;19px&#8220; subhead_font_size_phone=&#8220;17px&#8220; subhead_font_size_last_edited=&#8220;on|phone&#8220; background_image=&#8220;https:\/\/www.pletna.com\/wp-content\/uploads\/2017\/01\/penzion-pletna-bled-2000-1000.jpg&#8220; custom_button_one=&#8220;on&#8220; button_one_text_size=&#8220;20px&#8220; button_one_text_color=&#8220;#f5f5dc&#8220; button_one_border_width=&#8220;2px&#8220; button_one_border_color=&#8220;#f5f5dc&#8220; button_one_border_radius=&#8220;7px&#8220; button_one_font=&#8220;Lora||||&#8220; button_one_use_icon=&#8220;default&#8220; button_one_icon=&#8220;\ue023&#8220; button_one_icon_color=&#8220;#f5f5dc&#8220; button_one_border_radius_hover=&#8220;7px&#8220; background_url=&#8220;https:\/\/www.pletna.com\/wp-content\/uploads\/2017\/01\/penzion-pletna-bled-2000-1000.jpg&#8220; _i=&#8220;0&#8243; _address=&#8220;0.0&#8243;]<\/p>\n<p>[\/et_pb_fullwidth_header][\/et_pb_section][et_pb_section fb_built=&#8220;1&#8243; background_color=&#8220;#f5f5dc&#8220; admin_label=&#8220;Section #4&#8243; _builder_version=&#8220;3.0.47&#8243; custom_padding=&#8220;0px|||&#8220; custom_padding_tablet=&#8220;0px|||&#8220; transparent_background=&#8220;off&#8220; padding_mobile=&#8220;on&#8220;][et_pb_row padding_mobile=&#8220;off&#8220; column_padding_mobile=&#8220;on&#8220; admin_label=&#8220;Row&#8220; _builder_version=&#8220;3.0.47&#8243; background_size=&#8220;initial&#8220; background_position=&#8220;top_left&#8220; background_repeat=&#8220;repeat&#8220; _i=&#8220;0&#8243; _address=&#8220;1.0&#8243;][et_pb_column type=&#8220;4_4&#8243; _builder_version=&#8220;3.0.47&#8243; column_padding_mobile=&#8220;on&#8220; parallax=&#8220;off&#8220; parallax_method=&#8220;on&#8220;][et_pb_text admin_label=&#8220;Text&#8220; _builder_version=&#8220;3.0.47&#8243; header_font=&#8220;||||&#8220; header_text_color=&#8220;#04583e&#8220; background_size=&#8220;initial&#8220; background_position=&#8220;top_left&#8220; background_repeat=&#8220;repeat&#8220; text_orientation=&#8220;justified&#8220; _i=&#8220;0&#8243; _address=&#8220;1.0.0.0&#8243;]<\/p>\n<h1 style=\"text-align: center;\">WO WIR SIND<\/h1>\n<p>Unsere See-Blick Pension Pletna liegt direkt am See, aber auch entlang der Regionalstrasse nach Bohinj und ist leicht erreichbar, sei es mit Auto, Bus, Zug oder zu Fuss.<br \/>\n-Mit dem Auto:Wenn Sie in Bled ankommen, bleiben Sie einfach auf der selben Strasse, fahren Sie hinunter bis zum See und weiter dem See entlang f\u00fcr anderthalb Kilometer. Nach einem Tunnel und einer scharfen Kurve werden Sie uns auf der linken Strassenseite finden. Das gr\u00fcne Haus mit weissen Balkons ist gut beschildert. Gratis Parkpl\u00e4tze gibt es gen\u00fcgend f\u00fcr unsere G\u00e4ste.<br \/>\n-Mit dem Bus von Ljubljana:Nehmen Sie den BOHINJ Bus und steigen Sie im Seedorf MLINO aus. Unsere Pension liegt direkt am See. Ein gr\u00fcnes Haus mit weissen Balkons.<br \/>\n-Mit dem Zug vom Bahnhof LESCE-BLED: Nehmen Sie einen Bus Richtung BOHINJ so wie oben. Es gibt eine st\u00fcndliche Ljubljana-Bohinj Busverbindung.<br \/>\n-Mit dem Zug vom Bahnhof BLED-JEZERO: Die G\u00e4ste, die auf diese Weise anreisen, holen wir nach Wunsch gerne vom Bahnhof ab, da es von dort keine \u00f6ffentliche Transportm\u00f6glichkeit gibt.<br \/>\n-Zu Fuss bis zum\/vom Ortszentrum: Es nimmt nur einen angenehmen 15-min\u00fctigen Spaziergang dem See entlang in Anspruch.<br \/>\nWenn es Ihnen unangenehm ist, zu oft Hotels zu wechseln, dann kann unsere Pension als ein idealler Ausgangspunkt f\u00fcr die Besichtigung der nahen und fernen Umgebung als auch des ganzen Sloweniens dienen.<\/p>\n<p>[\/et_pb_text][\/et_pb_column][\/et_pb_row][et_pb_row custom_padding=&#8220;76px||0px|&#8220; custom_padding_phone=&#8220;36px||46px|&#8220; padding_mobile=&#8220;on&#8220; column_padding_mobile=&#8220;on&#8220; parallax_method_1=&#8220;off&#8220; parallax_method_2=&#8220;off&#8220; parallax_method_3=&#8220;off&#8220; parallax_method_4=&#8220;off&#8220; admin_label=&#8220;Row&#8220; _builder_version=&#8220;3.0.47&#8243; background_size=&#8220;initial&#8220; background_position=&#8220;top_left&#8220; background_repeat=&#8220;repeat&#8220; _i=&#8220;1&#8243; _address=&#8220;1.1&#8243;][et_pb_column type=&#8220;1_2&#8243; _builder_version=&#8220;3.0.47&#8243; column_padding_mobile=&#8220;on&#8220; parallax=&#8220;off&#8220; parallax_method=&#8220;off&#8220;][et_pb_divider color=&#8220;#04583e&#8220; show_divider=&#8220;on&#8220; divider_weight=&#8220;4&#8243; height=&#8220;6&#8243; admin_label=&#8220;Divider&#8220; _builder_version=&#8220;3.0.47&#8243; hide_on_mobile=&#8220;off&#8220;]<\/p>\n<p>[\/et_pb_divider][et_pb_text admin_label=&#8220;LOKACIJA&#8220; _builder_version=&#8220;3.0.47&#8243; text_font=&#8220;|on||on|&#8220; text_font_size=&#8220;40px&#8220; text_font_size_phone=&#8220;30&#8243; text_font_size_last_edited=&#8220;on|desktop&#8220; text_text_color=&#8220;#04583e&#8220; text_line_height=&#8220;1.5em&#8220; header_font=&#8220;|on|on||&#8220; background_size=&#8220;initial&#8220; background_position=&#8220;top_left&#8220; background_repeat=&#8220;repeat&#8220; text_orientation=&#8220;center&#8220; module_alignment=&#8220;center&#8220; custom_margin=&#8220;32px||0px|&#8220; custom_css_main_element=&#8220;font-weight:300;&#8220; _i=&#8220;1&#8243; _address=&#8220;1.1.0.1&#8243;]<\/p>\n<p>WO WIR SIND<\/p>\n<p>[\/et_pb_text][et_pb_blurb title=&#8220;MAP&#8220; use_icon=&#8220;on&#8220; font_icon=&#8220;%%124%%&#8220; disabled_on=&#8220;on|on|&#8220; admin_label=&#8220;Blurb &#8211; ZEMLJEVID&#8220; _builder_version=&#8220;3.0.47&#8243; header_font_size=&#8220;22&#8243; background_size=&#8220;initial&#8220; background_position=&#8220;top_left&#8220; background_repeat=&#8220;repeat&#8220; text_orientation=&#8220;center&#8220; _i=&#8220;2&#8243; _address=&#8220;1.1.0.2&#8243;]<\/p>\n<p><iframe loading=\"lazy\" style=\"border: 0;\" src=\"https:\/\/www.google.com\/maps\/embed?pb=!1m19!1m8!1m3!1d22027.53758727287!2d14.090928!3d46.360614000000005!3m2!1i1024!2i768!4f13.1!4m8!3e0!4m0!4m5!1s0x477a9135bb0f0745%3A0xd5069230b804488e!2sB%26B+Accommodations+Pletna%2C+Cesta+svobode+37%2C+4260+Bled%2C+Slovenija!3m2!1d46.3605172!2d14.0996858!5e0!3m2!1ssl!2ssi!4v1485160628491\" width=\"100%\" height=\"464\" frameborder=\"0\" allowfullscreen=\"allowfullscreen\"><\/iframe><\/p>\n<p>[\/et_pb_blurb][et_pb_blurb title=&#8220;MAP&#8220; use_icon=&#8220;on&#8220; font_icon=&#8220;%%124%%&#8220; disabled_on=&#8220;|off|on&#8220; admin_label=&#8220;Blurb &#8211; ZEMLJEVID mobIle&#8220; _builder_version=&#8220;3.0.47&#8243; header_font_size=&#8220;22&#8243; background_size=&#8220;initial&#8220; background_position=&#8220;top_left&#8220; background_repeat=&#8220;repeat&#8220; text_orientation=&#8220;center&#8220; _i=&#8220;3&#8243; _address=&#8220;1.1.0.3&#8243;]<\/p>\n<p><iframe loading=\"lazy\" style=\"border: 0;\" src=\"https:\/\/www.google.com\/maps\/embed?pb=!1m19!1m8!1m3!1d22027.53758727287!2d14.090928!3d46.360614000000005!3m2!1i1024!2i768!4f13.1!4m8!3e0!4m0!4m5!1s0x477a9135bb0f0745%3A0xd5069230b804488e!2sB%26B+Accommodations+Pletna%2C+Cesta+svobode+37%2C+4260+Bled%2C+Slovenija!3m2!1d46.3605172!2d14.0996858!5e0!3m2!1ssl!2ssi!4v1485160628491\" width=\"100%\" height=\"300\" frameborder=\"0\" allowfullscreen=\"allowfullscreen\"><\/iframe><\/p>\n<p>[\/et_pb_blurb][\/et_pb_column][et_pb_column type=&#8220;1_2&#8243; _builder_version=&#8220;3.0.47&#8243; column_padding_mobile=&#8220;on&#8220; parallax=&#8220;off&#8220; parallax_method=&#8220;off&#8220;][et_pb_divider color=&#8220;#04583e&#8220; show_divider=&#8220;on&#8220; divider_weight=&#8220;4&#8243; height=&#8220;6&#8243; admin_label=&#8220;Divider&#8220; _builder_version=&#8220;3.0.47&#8243; hide_on_mobile=&#8220;off&#8220;]<\/p>\n<p>[\/et_pb_divider][et_pb_text admin_label=&#8220;KONTAKT&#8220; _builder_version=&#8220;3.0.47&#8243; text_font=&#8220;Lora|on|on||&#8220; text_font_size=&#8220;40&#8243; text_font_size_phone=&#8220;30&#8243; text_font_size_last_edited=&#8220;on|desktop&#8220; text_text_color=&#8220;#04583e&#8220; text_line_height=&#8220;1.5em&#8220; header_font=&#8220;|on|on||&#8220; background_size=&#8220;initial&#8220; background_position=&#8220;top_left&#8220; background_repeat=&#8220;repeat&#8220; text_orientation=&#8220;center&#8220; module_alignment=&#8220;center&#8220; custom_margin=&#8220;32px||0px|&#8220; custom_css_main_element=&#8220;font-weight:300;&#8220; _i=&#8220;1&#8243; _address=&#8220;1.1.1.1&#8243;]<\/p>\n<p>KONTAKT<\/p>\n<p>[\/et_pb_text][et_pb_blurb title=&#8220;TITEL&#8220; use_icon=&#8220;on&#8220; font_icon=&#8220;%%122%%&#8220; admin_label=&#8220;Blurb &#8211; NASLOV&#8220; _builder_version=&#8220;3.0.83&#8243; header_font_size=&#8220;22&#8243; background_size=&#8220;initial&#8220; background_position=&#8220;top_left&#8220; background_repeat=&#8220;repeat&#8220; text_orientation=&#8220;center&#8220; _i=&#8220;2&#8243; _address=&#8220;1.1.1.2&#8243;]<\/p>\n<h4>GARNI PENZION PLETNA***<\/h4>\n<p>Cesta svobode 37<br \/>\nSI-4260 Bled, Slovenia<br \/>\n<strong>Telefon:<\/strong> +386 (0)41 393 899<br \/>\n<strong>E-mail:<\/strong> <a href=\"mailto: info@pletna.com\" target=\"_blank\">info@pletna.com<\/a><\/p>\n<p>[\/et_pb_blurb][et_pb_image src=&#8220;https:\/\/www.pletna.com\/wp-content\/uploads\/2016\/11\/sobe-pletna.jpg&#8220; admin_label=&#8220;Image&#8220; _builder_version=&#8220;3.0.47&#8243; animation_style=&#8220;slide&#8220; animation_direction=&#8220;left&#8220; animation_duration=&#8220;500ms&#8220; animation_intensity_slide=&#8220;10%&#8220; sticky=&#8220;off&#8220; _i=&#8220;3&#8243; _address=&#8220;1.1.1.3&#8243;]<\/p>\n<p>[\/et_pb_image][\/et_pb_column][\/et_pb_row][et_pb_row padding_mobile=&#8220;off&#8220; column_padding_mobile=&#8220;on&#8220; admin_label=&#8220;Row&#8220; _builder_version=&#8220;3.0.47&#8243; background_size=&#8220;initial&#8220; background_position=&#8220;top_left&#8220; background_repeat=&#8220;repeat&#8220; _i=&#8220;2&#8243; _address=&#8220;1.2&#8243;][et_pb_column type=&#8220;1_4&#8243; _builder_version=&#8220;3.0.47&#8243; column_padding_mobile=&#8220;on&#8220; parallax=&#8220;off&#8220; parallax_method=&#8220;on&#8220;][\/et_pb_column][et_pb_column type=&#8220;1_2&#8243; _builder_version=&#8220;3.0.47&#8243; column_padding_mobile=&#8220;on&#8220; parallax=&#8220;off&#8220; parallax_method=&#8220;on&#8220;][et_pb_button button_url=&#8220;https:\/\/www.pletna.com\/de\/reservirungen\/&#8220; button_text=&#8220;JETZT BUCHEN&#8220; button_alignment=&#8220;center&#8220; admin_label=&#8220;Button&#8220; _builder_version=&#8220;3.0.47&#8243; custom_button=&#8220;on&#8220; button_text_color=&#8220;#04583e&#8220; button_bg_color=&#8220;#ffffff&#8220; button_border_color=&#8220;#04583e&#8220; button_border_radius=&#8220;7px&#8220; button_use_icon=&#8220;default&#8220; button_icon=&#8220;%%128%%&#8220; button_border_radius_hover=&#8220;7px&#8220;]<\/p>\n<p>[\/et_pb_button][\/et_pb_column][et_pb_column type=&#8220;1_4&#8243; _builder_version=&#8220;3.0.47&#8243; column_padding_mobile=&#8220;on&#8220; parallax=&#8220;off&#8220; parallax_method=&#8220;on&#8220;][\/et_pb_column][\/et_pb_row][\/et_pb_section]<\/p>\n","protected":false},"excerpt":{"rendered":"<p>WO WIR SIND Unsere See-Blick Pension Pletna liegt direkt am See, aber auch entlang der Regionalstrasse nach Bohinj und ist leicht erreichbar, sei es mit Auto, Bus, Zug oder zu Fuss. -Mit dem Auto:Wenn Sie in Bled ankommen, bleiben Sie einfach auf der selben Strasse, fahren Sie hinunter bis zum See und weiter dem See [&hellip;]<\/p>\n","protected":false},"author":1,"featured_media":0,"parent":0,"menu_order":0,"comment_status":"closed","ping_status":"closed","template":"","meta":{"_et_pb_use_builder":"on","_et_pb_old_content":"","_et_gb_content_width":"","footnotes":""},"class_list":["post-115282","page","type-page","status-publish","hentry"],"aioseo_notices":[],"_links":{"self":[{"href":"https:\/\/www.pletna.com\/de\/wp-json\/wp\/v2\/pages\/115282"}],"collection":[{"href":"https:\/\/www.pletna.com\/de\/wp-json\/wp\/v2\/pages"}],"about":[{"href":"https:\/\/www.pletna.com\/de\/wp-json\/wp\/v2\/types\/page"}],"author":[{"embeddable":true,"href":"https:\/\/www.pletna.com\/de\/wp-json\/wp\/v2\/users\/1"}],"replies":[{"embeddable":true,"href":"https:\/\/www.pletna.com\/de\/wp-json\/wp\/v2\/comments?post=115282"}],"version-history":[{"count":0,"href":"https:\/\/www.pletna.com\/de\/wp-json\/wp\/v2\/pages\/115282\/revisions"}],"wp:attachment":[{"href":"https:\/\/www.pletna.com\/de\/wp-json\/wp\/v2\/media?parent=115282"}],"curies":[{"name":"wp","href":"https:\/\/api.w.org\/{rel}","templated":true}]}}